{"id":3724,"date":"2025-05-02T13:40:52","date_gmt":"2025-05-02T11:40:52","guid":{"rendered":"https:\/\/lasjellys.com\/cistella\/"},"modified":"2025-09-19T10:01:23","modified_gmt":"2025-09-19T08:01:23","slug":"cistella","status":"publish","type":"page","link":"https:\/\/lasjellys.com\/ca\/cistella\/","title":{"rendered":"Cistella"},"content":{"rendered":"\t\t<div data-elementor-type=\"wp-page\" data-elementor-id=\"3724\" class=\"elementor elementor-3724 elementor-34\" data-elementor-post-type=\"page\">\n\t\t\t\t<div class=\"elementor-element elementor-element-6e76c9b e-flex e-con-boxed e-con e-parent\" data-id=\"6e76c9b\" data-element_type=\"container\" data-settings=\"{&quot;background_background&quot;:&quot;gradient&quot;}\">\n\t\t\t\t\t<div class=\"e-con-inner\">\n\t\t\t\t\t<\/div>\n\t\t\t\t<\/div>\n\t\t\t\t<\/div>\n\t\t","protected":false},"excerpt":{"rendered":"","protected":false},"author":8,"featured_media":0,"parent":0,"menu_order":0,"comment_status":"closed","ping_status":"closed","template":"elementor_header_footer","meta":{"_acf_changed":false,"footnotes":""},"class_list":["post-3724","page","type-page","status-publish","hentry"],"acf":[],"yoast_head":"<!-- This site is optimized with the Yoast SEO plugin v25.4 - https:\/\/yoast.com\/wordpress\/plugins\/seo\/ -->\n<title>Tu carrito \u2013 Las Jellys | Compra tu c\u00f3ctel de gelatina ahora<\/title>\n<meta name=\"description\" content=\"Revisa tu carrito en Las Jellys: a\u00f1ade los c\u00f3cteles de gelatina explosiva que quieras y continua con tu pedido.\" \/>\n<meta name=\"robots\" content=\"noindex, nofollow\" \/>\n<meta property=\"og:locale\" content=\"ca_ES\" \/>\n<meta property=\"og:type\" content=\"article\" \/>\n<meta property=\"og:title\" content=\"Tu carrito \u2013 Las Jellys | Compra tu c\u00f3ctel de gelatina ahora\" \/>\n<meta property=\"og:description\" content=\"Revisa tu carrito en Las Jellys: a\u00f1ade los c\u00f3cteles de gelatina explosiva que quieras y continua con tu pedido.\" \/>\n<meta property=\"og:url\" content=\"https:\/\/lasjellys.com\/ca\/cistella\/\" \/>\n<meta property=\"og:site_name\" content=\"Las Jellys\" \/>\n<meta property=\"article:modified_time\" content=\"2025-09-19T08:01:23+00:00\" \/>\n<meta name=\"twitter:card\" content=\"summary_large_image\" \/>\n<script type=\"application\/ld+json\" class=\"yoast-schema-graph\">{\"@context\":\"https:\/\/schema.org\",\"@graph\":[{\"@type\":\"WebPage\",\"@id\":\"https:\/\/lasjellys.com\/ca\/cistella\/\",\"url\":\"https:\/\/lasjellys.com\/ca\/cistella\/\",\"name\":\"Tu carrito \u2013 Las Jellys | Compra tu c\u00f3ctel de gelatina ahora\",\"isPartOf\":{\"@id\":\"https:\/\/lasjellys.com\/ca\/#website\"},\"datePublished\":\"2025-05-02T11:40:52+00:00\",\"dateModified\":\"2025-09-19T08:01:23+00:00\",\"description\":\"Revisa tu carrito en Las Jellys: a\u00f1ade los c\u00f3cteles de gelatina explosiva que quieras y continua con tu pedido.\",\"breadcrumb\":{\"@id\":\"https:\/\/lasjellys.com\/ca\/cistella\/#breadcrumb\"},\"inLanguage\":\"ca\",\"potentialAction\":[{\"@type\":\"ReadAction\",\"target\":[\"https:\/\/lasjellys.com\/ca\/cistella\/\"]}]},{\"@type\":\"BreadcrumbList\",\"@id\":\"https:\/\/lasjellys.com\/ca\/cistella\/#breadcrumb\",\"itemListElement\":[{\"@type\":\"ListItem\",\"position\":1,\"name\":\"Portada\",\"item\":\"https:\/\/lasjellys.com\/ca\/\"},{\"@type\":\"ListItem\",\"position\":2,\"name\":\"Cistella\"}]},{\"@type\":\"WebSite\",\"@id\":\"https:\/\/lasjellys.com\/ca\/#website\",\"url\":\"https:\/\/lasjellys.com\/ca\/\",\"name\":\"Las Jellys\",\"description\":\"El primer cocktail premium en gelatina\",\"publisher\":{\"@id\":\"https:\/\/lasjellys.com\/ca\/#organization\"},\"potentialAction\":[{\"@type\":\"SearchAction\",\"target\":{\"@type\":\"EntryPoint\",\"urlTemplate\":\"https:\/\/lasjellys.com\/ca\/?s={search_term_string}\"},\"query-input\":{\"@type\":\"PropertyValueSpecification\",\"valueRequired\":true,\"valueName\":\"search_term_string\"}}],\"inLanguage\":\"ca\"},{\"@type\":\"Organization\",\"@id\":\"https:\/\/lasjellys.com\/ca\/#organization\",\"name\":\"Las Jellys\",\"url\":\"https:\/\/lasjellys.com\/ca\/\",\"logo\":{\"@type\":\"ImageObject\",\"inLanguage\":\"ca\",\"@id\":\"https:\/\/lasjellys.com\/ca\/#\/schema\/logo\/image\/\",\"url\":\"https:\/\/lasjellys.com\/wp-content\/uploads\/2025\/04\/logo_jellys.png\",\"contentUrl\":\"https:\/\/lasjellys.com\/wp-content\/uploads\/2025\/04\/logo_jellys.png\",\"width\":143,\"height\":61,\"caption\":\"Las Jellys\"},\"image\":{\"@id\":\"https:\/\/lasjellys.com\/ca\/#\/schema\/logo\/image\/\"}}]}<\/script>\n<!-- \/ Yoast SEO plugin. -->","yoast_head_json":{"title":"Tu carrito \u2013 Las Jellys | Compra tu c\u00f3ctel de gelatina ahora","description":"Revisa tu carrito en Las Jellys: a\u00f1ade los c\u00f3cteles de gelatina explosiva que quieras y continua con tu pedido.","robots":{"index":"noindex","follow":"nofollow"},"og_locale":"ca_ES","og_type":"article","og_title":"Tu carrito \u2013 Las Jellys | Compra tu c\u00f3ctel de gelatina ahora","og_description":"Revisa tu carrito en Las Jellys: a\u00f1ade los c\u00f3cteles de gelatina explosiva que quieras y continua con tu pedido.","og_url":"https:\/\/lasjellys.com\/ca\/cistella\/","og_site_name":"Las Jellys","article_modified_time":"2025-09-19T08:01:23+00:00","twitter_card":"summary_large_image","schema":{"@context":"https:\/\/schema.org","@graph":[{"@type":"WebPage","@id":"https:\/\/lasjellys.com\/ca\/cistella\/","url":"https:\/\/lasjellys.com\/ca\/cistella\/","name":"Tu carrito \u2013 Las Jellys | Compra tu c\u00f3ctel de gelatina ahora","isPartOf":{"@id":"https:\/\/lasjellys.com\/ca\/#website"},"datePublished":"2025-05-02T11:40:52+00:00","dateModified":"2025-09-19T08:01:23+00:00","description":"Revisa tu carrito en Las Jellys: a\u00f1ade los c\u00f3cteles de gelatina explosiva que quieras y continua con tu pedido.","breadcrumb":{"@id":"https:\/\/lasjellys.com\/ca\/cistella\/#breadcrumb"},"inLanguage":"ca","potentialAction":[{"@type":"ReadAction","target":["https:\/\/lasjellys.com\/ca\/cistella\/"]}]},{"@type":"BreadcrumbList","@id":"https:\/\/lasjellys.com\/ca\/cistella\/#breadcrumb","itemListElement":[{"@type":"ListItem","position":1,"name":"Portada","item":"https:\/\/lasjellys.com\/ca\/"},{"@type":"ListItem","position":2,"name":"Cistella"}]},{"@type":"WebSite","@id":"https:\/\/lasjellys.com\/ca\/#website","url":"https:\/\/lasjellys.com\/ca\/","name":"Las Jellys","description":"El primer cocktail premium en gelatina","publisher":{"@id":"https:\/\/lasjellys.com\/ca\/#organization"},"potentialAction":[{"@type":"SearchAction","target":{"@type":"EntryPoint","urlTemplate":"https:\/\/lasjellys.com\/ca\/?s={search_term_string}"},"query-input":{"@type":"PropertyValueSpecification","valueRequired":true,"valueName":"search_term_string"}}],"inLanguage":"ca"},{"@type":"Organization","@id":"https:\/\/lasjellys.com\/ca\/#organization","name":"Las Jellys","url":"https:\/\/lasjellys.com\/ca\/","logo":{"@type":"ImageObject","inLanguage":"ca","@id":"https:\/\/lasjellys.com\/ca\/#\/schema\/logo\/image\/","url":"https:\/\/lasjellys.com\/wp-content\/uploads\/2025\/04\/logo_jellys.png","contentUrl":"https:\/\/lasjellys.com\/wp-content\/uploads\/2025\/04\/logo_jellys.png","width":143,"height":61,"caption":"Las Jellys"},"image":{"@id":"https:\/\/lasjellys.com\/ca\/#\/schema\/logo\/image\/"}}]}},"_links":{"self":[{"href":"https:\/\/lasjellys.com\/ca\/wp-json\/wp\/v2\/pages\/3724","targetHints":{"allow":["GET"]}}],"collection":[{"href":"https:\/\/lasjellys.com\/ca\/wp-json\/wp\/v2\/pages"}],"about":[{"href":"https:\/\/lasjellys.com\/ca\/wp-json\/wp\/v2\/types\/page"}],"author":[{"embeddable":true,"href":"https:\/\/lasjellys.com\/ca\/wp-json\/wp\/v2\/users\/8"}],"replies":[{"embeddable":true,"href":"https:\/\/lasjellys.com\/ca\/wp-json\/wp\/v2\/comments?post=3724"}],"version-history":[{"count":1,"href":"https:\/\/lasjellys.com\/ca\/wp-json\/wp\/v2\/pages\/3724\/revisions"}],"predecessor-version":[{"id":3725,"href":"https:\/\/lasjellys.com\/ca\/wp-json\/wp\/v2\/pages\/3724\/revisions\/3725"}],"wp:attachment":[{"href":"https:\/\/lasjellys.com\/ca\/wp-json\/wp\/v2\/media?parent=3724"}],"curies":[{"name":"wp","href":"https:\/\/api.w.org\/{rel}","templated":true}]}}