{"id":3855,"date":"2025-05-06T15:27:52","date_gmt":"2025-05-06T13:27:52","guid":{"rendered":"https:\/\/lasjellys.com\/producto\/pack-caribe-urban\/"},"modified":"2025-05-06T15:27:52","modified_gmt":"2025-05-06T13:27:52","slug":"pack-caribe-urban","status":"publish","type":"product","link":"https:\/\/lasjellys.com\/ca\/producto\/pack-caribe-urban\/","title":{"rendered":"Pack Caribe-Urban"},"content":{"rendered":"<p>No aconsegueixes decidir-te per un dels nostres sabors? <strong>Box Urban Nights<\/strong> o <strong>box Carib Mix<\/strong>? Tenim la soluci\u00f3: Pack Carib-Urban! Emporta&#8217;t a casa oa la teva festa els 8 sabors perqu\u00e8 no et quedis amb cap dubte. El Pack Caribe-Urban cont\u00e9 la box <a href=\"https:\/\/lasjellys.com\/producto\/box-urban-nights\/\">Urban Nights <\/a>amb els seus 4 enigm\u00e0tics i elegants sabors de la nit i la box <a href=\"https:\/\/lasjellys.com\/producto\/box-caribe-mix\/\">Caribe Mix<\/a> per gaudir dels millors c\u00f2ctels amb gust a l&#8217;estiu. I el millor de tot? \u00c9s que t\u00e9 un <span style=\"text-decoration: underline;\">preu <em>SUPER<\/em> especial<\/span>!  <\/p>\n<p>Cadascuna de les caixes de Carib Mix o Urban Nights est\u00e0 recomanat per a 3 o 4 persones.<\/p>\n","protected":false},"excerpt":{"rendered":"<p>No aconsegueixes decidir-te per un dels nostres sabors? Box Urban Nights o box Carib Mix? Tenim la soluci\u00f3: Pack Carib-Urban! Emporta&#8217;t a casa oa la teva festa els 8 sabors perqu\u00e8 no et quedis amb cap dubte. El Pack Caribe-Urban cont\u00e9 la box Urban Nights amb els seus 4 enigm\u00e0tics i elegants sabors de la [&hellip;]<\/p>\n","protected":false},"featured_media":375,"template":"","meta":{"_acf_changed":false},"product_brand":[],"product_cat":[128],"product_tag":[],"class_list":{"0":"post-3855","1":"product","2":"type-product","3":"status-publish","4":"has-post-thumbnail","6":"product_cat-pack-jellys-ca","8":"first","9":"outofstock","10":"sale","11":"taxable","12":"shipping-taxable","13":"purchasable","14":"product-type-simple"},"acf":[],"yoast_head":"<!-- This site is optimized with the Yoast SEO plugin v25.4 - https:\/\/yoast.com\/wordpress\/plugins\/seo\/ -->\n<title>Pack Caribe-Urban - Las Jellys<\/title>\n<meta name=\"robots\" content=\"index, follow, max-snippet:-1, max-image-preview:large, max-video-preview:-1\" \/>\n<link rel=\"canonical\" href=\"https:\/\/lasjellys.com\/ca\/producto\/pack-caribe-urban\/\" \/>\n<meta property=\"og:locale\" content=\"ca_ES\" \/>\n<meta property=\"og:type\" content=\"article\" \/>\n<meta property=\"og:title\" content=\"Pack Caribe-Urban - Las Jellys\" \/>\n<meta property=\"og:description\" content=\"No aconsegueixes decidir-te per un dels nostres sabors? Box Urban Nights o box Carib Mix? Tenim la soluci\u00f3: Pack Carib-Urban! Emporta&#8217;t a casa oa la teva festa els 8 sabors perqu\u00e8 no et quedis amb cap dubte. El Pack Caribe-Urban cont\u00e9 la box Urban Nights amb els seus 4 enigm\u00e0tics i elegants sabors de la [&hellip;]\" \/>\n<meta property=\"og:url\" content=\"https:\/\/lasjellys.com\/ca\/producto\/pack-caribe-urban\/\" \/>\n<meta property=\"og:site_name\" content=\"Las Jellys\" \/>\n<meta property=\"og:image\" content=\"https:\/\/lasjellys.com\/wp-content\/uploads\/2025\/05\/pack.jpg\" \/>\n\t<meta property=\"og:image:width\" content=\"1417\" \/>\n\t<meta property=\"og:image:height\" content=\"1220\" \/>\n\t<meta property=\"og:image:type\" content=\"image\/jpeg\" \/>\n<meta name=\"twitter:card\" content=\"summary_large_image\" \/>\n<script type=\"application\/ld+json\" class=\"yoast-schema-graph\">{\"@context\":\"https:\/\/schema.org\",\"@graph\":[{\"@type\":\"WebPage\",\"@id\":\"https:\/\/lasjellys.com\/ca\/producto\/pack-caribe-urban\/\",\"url\":\"https:\/\/lasjellys.com\/ca\/producto\/pack-caribe-urban\/\",\"name\":\"Pack Caribe-Urban - Las Jellys\",\"isPartOf\":{\"@id\":\"https:\/\/lasjellys.com\/ca\/#website\"},\"primaryImageOfPage\":{\"@id\":\"https:\/\/lasjellys.com\/ca\/producto\/pack-caribe-urban\/#primaryimage\"},\"image\":{\"@id\":\"https:\/\/lasjellys.com\/ca\/producto\/pack-caribe-urban\/#primaryimage\"},\"thumbnailUrl\":\"https:\/\/lasjellys.com\/wp-content\/uploads\/2025\/05\/pack.jpg\",\"datePublished\":\"2025-05-06T13:27:52+00:00\",\"breadcrumb\":{\"@id\":\"https:\/\/lasjellys.com\/ca\/producto\/pack-caribe-urban\/#breadcrumb\"},\"inLanguage\":\"ca\",\"potentialAction\":[{\"@type\":\"ReadAction\",\"target\":[\"https:\/\/lasjellys.com\/ca\/producto\/pack-caribe-urban\/\"]}]},{\"@type\":\"ImageObject\",\"inLanguage\":\"ca\",\"@id\":\"https:\/\/lasjellys.com\/ca\/producto\/pack-caribe-urban\/#primaryimage\",\"url\":\"https:\/\/lasjellys.com\/wp-content\/uploads\/2025\/05\/pack.jpg\",\"contentUrl\":\"https:\/\/lasjellys.com\/wp-content\/uploads\/2025\/05\/pack.jpg\",\"width\":1417,\"height\":1220,\"caption\":\"coctel para antes de salir\"},{\"@type\":\"BreadcrumbList\",\"@id\":\"https:\/\/lasjellys.com\/ca\/producto\/pack-caribe-urban\/#breadcrumb\",\"itemListElement\":[{\"@type\":\"ListItem\",\"position\":1,\"name\":\"Portada\",\"item\":\"https:\/\/lasjellys.com\/ca\/\"},{\"@type\":\"ListItem\",\"position\":2,\"name\":\"Productes\",\"item\":\"https:\/\/lasjellys.com\/ca\/shop\/\"},{\"@type\":\"ListItem\",\"position\":3,\"name\":\"Pack Caribe-Urban\"}]},{\"@type\":\"WebSite\",\"@id\":\"https:\/\/lasjellys.com\/ca\/#website\",\"url\":\"https:\/\/lasjellys.com\/ca\/\",\"name\":\"Las Jellys\",\"description\":\"El primer cocktail premium en gelatina\",\"publisher\":{\"@id\":\"https:\/\/lasjellys.com\/ca\/#organization\"},\"potentialAction\":[{\"@type\":\"SearchAction\",\"target\":{\"@type\":\"EntryPoint\",\"urlTemplate\":\"https:\/\/lasjellys.com\/ca\/?s={search_term_string}\"},\"query-input\":{\"@type\":\"PropertyValueSpecification\",\"valueRequired\":true,\"valueName\":\"search_term_string\"}}],\"inLanguage\":\"ca\"},{\"@type\":\"Organization\",\"@id\":\"https:\/\/lasjellys.com\/ca\/#organization\",\"name\":\"Las Jellys\",\"url\":\"https:\/\/lasjellys.com\/ca\/\",\"logo\":{\"@type\":\"ImageObject\",\"inLanguage\":\"ca\",\"@id\":\"https:\/\/lasjellys.com\/ca\/#\/schema\/logo\/image\/\",\"url\":\"https:\/\/lasjellys.com\/wp-content\/uploads\/2025\/04\/logo_jellys.png\",\"contentUrl\":\"https:\/\/lasjellys.com\/wp-content\/uploads\/2025\/04\/logo_jellys.png\",\"width\":143,\"height\":61,\"caption\":\"Las Jellys\"},\"image\":{\"@id\":\"https:\/\/lasjellys.com\/ca\/#\/schema\/logo\/image\/\"}}]}<\/script>\n<!-- \/ Yoast SEO plugin. -->","yoast_head_json":{"title":"Pack Caribe-Urban - Las Jellys","robots":{"index":"index","follow":"follow","max-snippet":"max-snippet:-1","max-image-preview":"max-image-preview:large","max-video-preview":"max-video-preview:-1"},"canonical":"https:\/\/lasjellys.com\/ca\/producto\/pack-caribe-urban\/","og_locale":"ca_ES","og_type":"article","og_title":"Pack Caribe-Urban - Las Jellys","og_description":"No aconsegueixes decidir-te per un dels nostres sabors? Box Urban Nights o box Carib Mix? Tenim la soluci\u00f3: Pack Carib-Urban! Emporta&#8217;t a casa oa la teva festa els 8 sabors perqu\u00e8 no et quedis amb cap dubte. El Pack Caribe-Urban cont\u00e9 la box Urban Nights amb els seus 4 enigm\u00e0tics i elegants sabors de la [&hellip;]","og_url":"https:\/\/lasjellys.com\/ca\/producto\/pack-caribe-urban\/","og_site_name":"Las Jellys","og_image":[{"width":1417,"height":1220,"url":"https:\/\/lasjellys.com\/wp-content\/uploads\/2025\/05\/pack.jpg","type":"image\/jpeg"}],"twitter_card":"summary_large_image","schema":{"@context":"https:\/\/schema.org","@graph":[{"@type":"WebPage","@id":"https:\/\/lasjellys.com\/ca\/producto\/pack-caribe-urban\/","url":"https:\/\/lasjellys.com\/ca\/producto\/pack-caribe-urban\/","name":"Pack Caribe-Urban - Las Jellys","isPartOf":{"@id":"https:\/\/lasjellys.com\/ca\/#website"},"primaryImageOfPage":{"@id":"https:\/\/lasjellys.com\/ca\/producto\/pack-caribe-urban\/#primaryimage"},"image":{"@id":"https:\/\/lasjellys.com\/ca\/producto\/pack-caribe-urban\/#primaryimage"},"thumbnailUrl":"https:\/\/lasjellys.com\/wp-content\/uploads\/2025\/05\/pack.jpg","datePublished":"2025-05-06T13:27:52+00:00","breadcrumb":{"@id":"https:\/\/lasjellys.com\/ca\/producto\/pack-caribe-urban\/#breadcrumb"},"inLanguage":"ca","potentialAction":[{"@type":"ReadAction","target":["https:\/\/lasjellys.com\/ca\/producto\/pack-caribe-urban\/"]}]},{"@type":"ImageObject","inLanguage":"ca","@id":"https:\/\/lasjellys.com\/ca\/producto\/pack-caribe-urban\/#primaryimage","url":"https:\/\/lasjellys.com\/wp-content\/uploads\/2025\/05\/pack.jpg","contentUrl":"https:\/\/lasjellys.com\/wp-content\/uploads\/2025\/05\/pack.jpg","width":1417,"height":1220,"caption":"coctel para antes de salir"},{"@type":"BreadcrumbList","@id":"https:\/\/lasjellys.com\/ca\/producto\/pack-caribe-urban\/#breadcrumb","itemListElement":[{"@type":"ListItem","position":1,"name":"Portada","item":"https:\/\/lasjellys.com\/ca\/"},{"@type":"ListItem","position":2,"name":"Productes","item":"https:\/\/lasjellys.com\/ca\/shop\/"},{"@type":"ListItem","position":3,"name":"Pack Caribe-Urban"}]},{"@type":"WebSite","@id":"https:\/\/lasjellys.com\/ca\/#website","url":"https:\/\/lasjellys.com\/ca\/","name":"Las Jellys","description":"El primer cocktail premium en gelatina","publisher":{"@id":"https:\/\/lasjellys.com\/ca\/#organization"},"potentialAction":[{"@type":"SearchAction","target":{"@type":"EntryPoint","urlTemplate":"https:\/\/lasjellys.com\/ca\/?s={search_term_string}"},"query-input":{"@type":"PropertyValueSpecification","valueRequired":true,"valueName":"search_term_string"}}],"inLanguage":"ca"},{"@type":"Organization","@id":"https:\/\/lasjellys.com\/ca\/#organization","name":"Las Jellys","url":"https:\/\/lasjellys.com\/ca\/","logo":{"@type":"ImageObject","inLanguage":"ca","@id":"https:\/\/lasjellys.com\/ca\/#\/schema\/logo\/image\/","url":"https:\/\/lasjellys.com\/wp-content\/uploads\/2025\/04\/logo_jellys.png","contentUrl":"https:\/\/lasjellys.com\/wp-content\/uploads\/2025\/04\/logo_jellys.png","width":143,"height":61,"caption":"Las Jellys"},"image":{"@id":"https:\/\/lasjellys.com\/ca\/#\/schema\/logo\/image\/"}}]}},"_links":{"self":[{"href":"https:\/\/lasjellys.com\/ca\/wp-json\/wp\/v2\/product\/3855","targetHints":{"allow":["GET"]}}],"collection":[{"href":"https:\/\/lasjellys.com\/ca\/wp-json\/wp\/v2\/product"}],"about":[{"href":"https:\/\/lasjellys.com\/ca\/wp-json\/wp\/v2\/types\/product"}],"wp:featuredmedia":[{"embeddable":true,"href":"https:\/\/lasjellys.com\/ca\/wp-json\/wp\/v2\/media\/375"}],"wp:attachment":[{"href":"https:\/\/lasjellys.com\/ca\/wp-json\/wp\/v2\/media?parent=3855"}],"wp:term":[{"taxonomy":"product_brand","embeddable":true,"href":"https:\/\/lasjellys.com\/ca\/wp-json\/wp\/v2\/product_brand?post=3855"},{"taxonomy":"product_cat","embeddable":true,"href":"https:\/\/lasjellys.com\/ca\/wp-json\/wp\/v2\/product_cat?post=3855"},{"taxonomy":"product_tag","embeddable":true,"href":"https:\/\/lasjellys.com\/ca\/wp-json\/wp\/v2\/product_tag?post=3855"}],"curies":[{"name":"wp","href":"https:\/\/api.w.org\/{rel}","templated":true}]}}