{"id":3869,"date":"2025-05-06T15:28:16","date_gmt":"2025-05-06T13:28:16","guid":{"rendered":"https:\/\/lasjellys.com\/producto\/cata-box-dia-mundial-del-cocktail\/"},"modified":"2025-05-06T15:28:16","modified_gmt":"2025-05-06T13:28:16","slug":"cata-box-dia-mundial-del-cocktail","status":"publish","type":"product","link":"https:\/\/lasjellys.com\/ca\/producto\/cata-box-dia-mundial-del-cocktail\/","title":{"rendered":"Cata Box &#8211; Dia Mundial del Cocktail"},"content":{"rendered":"<p>A Las Jellys estimem la cocteleria i per aix\u00f2 volem celebrar el Dia Mundial de la Cocktail de la manera m\u00e9s Unexpected!<\/p>\n<p>Hi ha registres del terme cocktail que daten de 1798, va ser el 13 de maig de 1806, a <em>The Balance and Columbian Repository<\/em>, un diari de l&#8217;estat de Nova York, on va apar\u00e8ixer la primera definici\u00f3 escrita de la paraula. Va ser en resposta a la consulta d&#8217;un lector que sobre un article preguntava \u201cQu\u00e8 \u00e9s un c\u00f2ctel?\u201d, i l&#8217;editor va respondre: <strong>\u201cUn c\u00f2ctel, \u00e9s una beguda alcoh\u00f2lica estimulant composta d&#8217;alguna varietat de destil\u00b7lat, sucre, aigua i bitters.\u201d<\/strong><\/p>\n<p>Aquesta descripci\u00f3 \u00e9s la base de la cocteleria cl\u00e0ssica, per aix\u00f2 el nostre homenatge a aquest gran dia.<\/p>\n<p><strong> T&#8217;ho perdr\u00e0s?<\/strong><\/p>\n<p><span class=\"s1\">La Box Cata ho recomanem entre 2 o 3 persones. <\/span><\/p>\n","protected":false},"excerpt":{"rendered":"<p>A Las Jellys estimem la cocteleria i per aix\u00f2 volem celebrar el Dia Mundial de la Cocktail de la manera m\u00e9s Unexpected! Hi ha registres del terme cocktail que daten de 1798, va ser el 13 de maig de 1806, a The Balance and Columbian Repository, un diari de l&#8217;estat de Nova York, on va [&hellip;]<\/p>\n","protected":false},"featured_media":389,"template":"","meta":{"_acf_changed":false},"product_brand":[],"product_cat":[128],"product_tag":[],"class_list":{"0":"post-3869","1":"product","2":"type-product","3":"status-publish","4":"has-post-thumbnail","6":"product_cat-pack-jellys-ca","8":"first","9":"outofstock","10":"taxable","11":"shipping-taxable","12":"purchasable","13":"product-type-simple"},"acf":[],"yoast_head":"<!-- This site is optimized with the Yoast SEO plugin v25.4 - https:\/\/yoast.com\/wordpress\/plugins\/seo\/ -->\n<title>Cata Box - Dia Mundial del Cocktail - Las Jellys<\/title>\n<meta name=\"robots\" content=\"index, follow, max-snippet:-1, max-image-preview:large, max-video-preview:-1\" \/>\n<link rel=\"canonical\" href=\"https:\/\/lasjellys.com\/ca\/producto\/cata-box-dia-mundial-del-cocktail\/\" \/>\n<meta property=\"og:locale\" content=\"ca_ES\" \/>\n<meta property=\"og:type\" content=\"article\" \/>\n<meta property=\"og:title\" content=\"Cata Box - Dia Mundial del Cocktail - Las Jellys\" \/>\n<meta property=\"og:description\" content=\"A Las Jellys estimem la cocteleria i per aix\u00f2 volem celebrar el Dia Mundial de la Cocktail de la manera m\u00e9s Unexpected! Hi ha registres del terme cocktail que daten de 1798, va ser el 13 de maig de 1806, a The Balance and Columbian Repository, un diari de l&#8217;estat de Nova York, on va [&hellip;]\" \/>\n<meta property=\"og:url\" content=\"https:\/\/lasjellys.com\/ca\/producto\/cata-box-dia-mundial-del-cocktail\/\" \/>\n<meta property=\"og:site_name\" content=\"Las Jellys\" \/>\n<meta property=\"og:image\" content=\"https:\/\/lasjellys.com\/wp-content\/uploads\/2025\/05\/1.jpg\" \/>\n\t<meta property=\"og:image:width\" content=\"2184\" \/>\n\t<meta property=\"og:image:height\" content=\"1872\" \/>\n\t<meta property=\"og:image:type\" content=\"image\/jpeg\" \/>\n<meta name=\"twitter:card\" content=\"summary_large_image\" \/>\n<meta name=\"twitter:label1\" content=\"Temps estimat de lectura\" \/>\n\t<meta name=\"twitter:data1\" content=\"1 minut\" \/>\n<script type=\"application\/ld+json\" class=\"yoast-schema-graph\">{\"@context\":\"https:\/\/schema.org\",\"@graph\":[{\"@type\":\"WebPage\",\"@id\":\"https:\/\/lasjellys.com\/ca\/producto\/cata-box-dia-mundial-del-cocktail\/\",\"url\":\"https:\/\/lasjellys.com\/ca\/producto\/cata-box-dia-mundial-del-cocktail\/\",\"name\":\"Cata Box - Dia Mundial del Cocktail - Las Jellys\",\"isPartOf\":{\"@id\":\"https:\/\/lasjellys.com\/ca\/#website\"},\"primaryImageOfPage\":{\"@id\":\"https:\/\/lasjellys.com\/ca\/producto\/cata-box-dia-mundial-del-cocktail\/#primaryimage\"},\"image\":{\"@id\":\"https:\/\/lasjellys.com\/ca\/producto\/cata-box-dia-mundial-del-cocktail\/#primaryimage\"},\"thumbnailUrl\":\"https:\/\/lasjellys.com\/wp-content\/uploads\/2025\/05\/1.jpg\",\"datePublished\":\"2025-05-06T13:28:16+00:00\",\"breadcrumb\":{\"@id\":\"https:\/\/lasjellys.com\/ca\/producto\/cata-box-dia-mundial-del-cocktail\/#breadcrumb\"},\"inLanguage\":\"ca\",\"potentialAction\":[{\"@type\":\"ReadAction\",\"target\":[\"https:\/\/lasjellys.com\/ca\/producto\/cata-box-dia-mundial-del-cocktail\/\"]}]},{\"@type\":\"ImageObject\",\"inLanguage\":\"ca\",\"@id\":\"https:\/\/lasjellys.com\/ca\/producto\/cata-box-dia-mundial-del-cocktail\/#primaryimage\",\"url\":\"https:\/\/lasjellys.com\/wp-content\/uploads\/2025\/05\/1.jpg\",\"contentUrl\":\"https:\/\/lasjellys.com\/wp-content\/uploads\/2025\/05\/1.jpg\",\"width\":2184,\"height\":1872,\"caption\":\"Cocteles\"},{\"@type\":\"BreadcrumbList\",\"@id\":\"https:\/\/lasjellys.com\/ca\/producto\/cata-box-dia-mundial-del-cocktail\/#breadcrumb\",\"itemListElement\":[{\"@type\":\"ListItem\",\"position\":1,\"name\":\"Portada\",\"item\":\"https:\/\/lasjellys.com\/ca\/\"},{\"@type\":\"ListItem\",\"position\":2,\"name\":\"Productes\",\"item\":\"https:\/\/lasjellys.com\/ca\/shop\/\"},{\"@type\":\"ListItem\",\"position\":3,\"name\":\"Cata Box &#8211; Dia Mundial del Cocktail\"}]},{\"@type\":\"WebSite\",\"@id\":\"https:\/\/lasjellys.com\/ca\/#website\",\"url\":\"https:\/\/lasjellys.com\/ca\/\",\"name\":\"Las Jellys\",\"description\":\"El primer cocktail premium en gelatina\",\"publisher\":{\"@id\":\"https:\/\/lasjellys.com\/ca\/#organization\"},\"potentialAction\":[{\"@type\":\"SearchAction\",\"target\":{\"@type\":\"EntryPoint\",\"urlTemplate\":\"https:\/\/lasjellys.com\/ca\/?s={search_term_string}\"},\"query-input\":{\"@type\":\"PropertyValueSpecification\",\"valueRequired\":true,\"valueName\":\"search_term_string\"}}],\"inLanguage\":\"ca\"},{\"@type\":\"Organization\",\"@id\":\"https:\/\/lasjellys.com\/ca\/#organization\",\"name\":\"Las Jellys\",\"url\":\"https:\/\/lasjellys.com\/ca\/\",\"logo\":{\"@type\":\"ImageObject\",\"inLanguage\":\"ca\",\"@id\":\"https:\/\/lasjellys.com\/ca\/#\/schema\/logo\/image\/\",\"url\":\"https:\/\/lasjellys.com\/wp-content\/uploads\/2025\/04\/logo_jellys.png\",\"contentUrl\":\"https:\/\/lasjellys.com\/wp-content\/uploads\/2025\/04\/logo_jellys.png\",\"width\":143,\"height\":61,\"caption\":\"Las Jellys\"},\"image\":{\"@id\":\"https:\/\/lasjellys.com\/ca\/#\/schema\/logo\/image\/\"}}]}<\/script>\n<!-- \/ Yoast SEO plugin. -->","yoast_head_json":{"title":"Cata Box - Dia Mundial del Cocktail - Las Jellys","robots":{"index":"index","follow":"follow","max-snippet":"max-snippet:-1","max-image-preview":"max-image-preview:large","max-video-preview":"max-video-preview:-1"},"canonical":"https:\/\/lasjellys.com\/ca\/producto\/cata-box-dia-mundial-del-cocktail\/","og_locale":"ca_ES","og_type":"article","og_title":"Cata Box - Dia Mundial del Cocktail - Las Jellys","og_description":"A Las Jellys estimem la cocteleria i per aix\u00f2 volem celebrar el Dia Mundial de la Cocktail de la manera m\u00e9s Unexpected! Hi ha registres del terme cocktail que daten de 1798, va ser el 13 de maig de 1806, a The Balance and Columbian Repository, un diari de l&#8217;estat de Nova York, on va [&hellip;]","og_url":"https:\/\/lasjellys.com\/ca\/producto\/cata-box-dia-mundial-del-cocktail\/","og_site_name":"Las Jellys","og_image":[{"width":2184,"height":1872,"url":"https:\/\/lasjellys.com\/wp-content\/uploads\/2025\/05\/1.jpg","type":"image\/jpeg"}],"twitter_card":"summary_large_image","twitter_misc":{"Temps estimat de lectura":"1 minut"},"schema":{"@context":"https:\/\/schema.org","@graph":[{"@type":"WebPage","@id":"https:\/\/lasjellys.com\/ca\/producto\/cata-box-dia-mundial-del-cocktail\/","url":"https:\/\/lasjellys.com\/ca\/producto\/cata-box-dia-mundial-del-cocktail\/","name":"Cata Box - Dia Mundial del Cocktail - Las Jellys","isPartOf":{"@id":"https:\/\/lasjellys.com\/ca\/#website"},"primaryImageOfPage":{"@id":"https:\/\/lasjellys.com\/ca\/producto\/cata-box-dia-mundial-del-cocktail\/#primaryimage"},"image":{"@id":"https:\/\/lasjellys.com\/ca\/producto\/cata-box-dia-mundial-del-cocktail\/#primaryimage"},"thumbnailUrl":"https:\/\/lasjellys.com\/wp-content\/uploads\/2025\/05\/1.jpg","datePublished":"2025-05-06T13:28:16+00:00","breadcrumb":{"@id":"https:\/\/lasjellys.com\/ca\/producto\/cata-box-dia-mundial-del-cocktail\/#breadcrumb"},"inLanguage":"ca","potentialAction":[{"@type":"ReadAction","target":["https:\/\/lasjellys.com\/ca\/producto\/cata-box-dia-mundial-del-cocktail\/"]}]},{"@type":"ImageObject","inLanguage":"ca","@id":"https:\/\/lasjellys.com\/ca\/producto\/cata-box-dia-mundial-del-cocktail\/#primaryimage","url":"https:\/\/lasjellys.com\/wp-content\/uploads\/2025\/05\/1.jpg","contentUrl":"https:\/\/lasjellys.com\/wp-content\/uploads\/2025\/05\/1.jpg","width":2184,"height":1872,"caption":"Cocteles"},{"@type":"BreadcrumbList","@id":"https:\/\/lasjellys.com\/ca\/producto\/cata-box-dia-mundial-del-cocktail\/#breadcrumb","itemListElement":[{"@type":"ListItem","position":1,"name":"Portada","item":"https:\/\/lasjellys.com\/ca\/"},{"@type":"ListItem","position":2,"name":"Productes","item":"https:\/\/lasjellys.com\/ca\/shop\/"},{"@type":"ListItem","position":3,"name":"Cata Box &#8211; Dia Mundial del Cocktail"}]},{"@type":"WebSite","@id":"https:\/\/lasjellys.com\/ca\/#website","url":"https:\/\/lasjellys.com\/ca\/","name":"Las Jellys","description":"El primer cocktail premium en gelatina","publisher":{"@id":"https:\/\/lasjellys.com\/ca\/#organization"},"potentialAction":[{"@type":"SearchAction","target":{"@type":"EntryPoint","urlTemplate":"https:\/\/lasjellys.com\/ca\/?s={search_term_string}"},"query-input":{"@type":"PropertyValueSpecification","valueRequired":true,"valueName":"search_term_string"}}],"inLanguage":"ca"},{"@type":"Organization","@id":"https:\/\/lasjellys.com\/ca\/#organization","name":"Las Jellys","url":"https:\/\/lasjellys.com\/ca\/","logo":{"@type":"ImageObject","inLanguage":"ca","@id":"https:\/\/lasjellys.com\/ca\/#\/schema\/logo\/image\/","url":"https:\/\/lasjellys.com\/wp-content\/uploads\/2025\/04\/logo_jellys.png","contentUrl":"https:\/\/lasjellys.com\/wp-content\/uploads\/2025\/04\/logo_jellys.png","width":143,"height":61,"caption":"Las Jellys"},"image":{"@id":"https:\/\/lasjellys.com\/ca\/#\/schema\/logo\/image\/"}}]}},"_links":{"self":[{"href":"https:\/\/lasjellys.com\/ca\/wp-json\/wp\/v2\/product\/3869","targetHints":{"allow":["GET"]}}],"collection":[{"href":"https:\/\/lasjellys.com\/ca\/wp-json\/wp\/v2\/product"}],"about":[{"href":"https:\/\/lasjellys.com\/ca\/wp-json\/wp\/v2\/types\/product"}],"wp:featuredmedia":[{"embeddable":true,"href":"https:\/\/lasjellys.com\/ca\/wp-json\/wp\/v2\/media\/389"}],"wp:attachment":[{"href":"https:\/\/lasjellys.com\/ca\/wp-json\/wp\/v2\/media?parent=3869"}],"wp:term":[{"taxonomy":"product_brand","embeddable":true,"href":"https:\/\/lasjellys.com\/ca\/wp-json\/wp\/v2\/product_brand?post=3869"},{"taxonomy":"product_cat","embeddable":true,"href":"https:\/\/lasjellys.com\/ca\/wp-json\/wp\/v2\/product_cat?post=3869"},{"taxonomy":"product_tag","embeddable":true,"href":"https:\/\/lasjellys.com\/ca\/wp-json\/wp\/v2\/product_tag?post=3869"}],"curies":[{"name":"wp","href":"https:\/\/api.w.org\/{rel}","templated":true}]}}