{"id":3882,"date":"2025-05-06T15:28:26","date_gmt":"2025-05-06T13:28:26","guid":{"rendered":"https:\/\/lasjellys.com\/producto\/caribe-mix-vol-2\/"},"modified":"2025-07-08T10:47:33","modified_gmt":"2025-07-08T08:47:33","slug":"caribe-mix-vol-2","status":"publish","type":"product","link":"https:\/\/lasjellys.com\/ca\/producto\/caribe-mix-vol-2\/","title":{"rendered":"Caribe Mix vol. 2 (12 u.)"},"content":{"rendered":"<p>Diuen que les segones parts mai no s\u00f3n bones, per\u00f2 nosaltres som aqu\u00ed per demostrar-te que! no \u00e9s cert! Despr\u00e9s de l&#8217;\u00e8xit de la nostra caixa original m\u00e9s caribenya, presentem la seva germana petita, per\u00f2 no menys espectacular.<\/p>\n<p>La caixa Carib Mix vol. 2 et sorprendr\u00e0 de nou amb quatre receptes plenes de sabor portades de les c\u00e0lides terres del sud del continent americ\u00e0. \u00c9s aquest pack trobar\u00e0s:<\/p>\n<ul>\n<li><strong>Caipirinya: <\/strong>Des del Brasil i amb molt d&#8217;amor. Fet amb cacha\u00e7a i llima i amanit amb sucre bru.<\/li>\n<li><strong>Pisco Sour:<\/strong> La seva recepta es considera patrimoni cultural del Per\u00fa. \u00c9s un c\u00f2ctel refrescant, \u00e0cid i intens a causa de la base de Pisco.<\/li>\n<li><strong>Tequila Sunrise: <\/strong>A base de tequila, com indica el seu nom, per\u00f2 al contrari de la seva germana Margarita. Aquest c\u00f2ctel destaca per la seva dol\u00e7or proporcionada per la granadina i el suc de taronja natural.<\/li>\n<li><strong>Daiquiri de maduixa:<\/strong> Sens dubte un dels noms propis de la cocteleria, amb una base de rom blanc, polpa de maduixa i un toc c\u00edtric.<\/li>\n<\/ul>\n<p><span class=\"s1\">Pack recomanat per a 3 o m\u00e9s persones. <\/span><\/p>\n","protected":false},"excerpt":{"rendered":"<p>Diuen que les segones parts mai no s\u00f3n bones, per\u00f2 nosaltres som aqu\u00ed per demostrar-te que! no \u00e9s cert! Despr\u00e9s de l&#8217;\u00e8xit de la nostra caixa original m\u00e9s caribenya, presentem la seva germana petita, per\u00f2 no menys espectacular. La caixa Carib Mix vol. 2 et sorprendr\u00e0 de nou amb quatre receptes plenes de sabor portades [&hellip;]<\/p>\n","protected":false},"featured_media":3883,"template":"","meta":{"_acf_changed":false},"product_brand":[],"product_cat":[131],"product_tag":[135,138,145,150],"class_list":{"0":"post-3882","1":"product","2":"type-product","3":"status-publish","4":"has-post-thumbnail","6":"product_cat-per-a-una-festa","7":"product_tag-caipirinha","8":"product_tag-daiquiri-de-maduixa","9":"product_tag-pisco-sour-ca","10":"product_tag-tequila-sunrise-ca","12":"first","13":"instock","14":"taxable","15":"shipping-taxable","16":"purchasable","17":"product-type-simple"},"acf":[],"yoast_head":"<!-- This site is optimized with the Yoast SEO plugin v25.4 - https:\/\/yoast.com\/wordpress\/plugins\/seo\/ -->\n<title>Caribe Mix vol. 2 (12 u.) - Las Jellys<\/title>\n<meta name=\"robots\" content=\"index, follow, max-snippet:-1, max-image-preview:large, max-video-preview:-1\" \/>\n<link rel=\"canonical\" href=\"https:\/\/lasjellys.com\/ca\/producto\/caribe-mix-vol-2\/\" \/>\n<meta property=\"og:locale\" content=\"ca_ES\" \/>\n<meta property=\"og:type\" content=\"article\" \/>\n<meta property=\"og:title\" content=\"Caribe Mix vol. 2 (12 u.) - Las Jellys\" \/>\n<meta property=\"og:description\" content=\"Diuen que les segones parts mai no s\u00f3n bones, per\u00f2 nosaltres som aqu\u00ed per demostrar-te que! no \u00e9s cert! Despr\u00e9s de l&#8217;\u00e8xit de la nostra caixa original m\u00e9s caribenya, presentem la seva germana petita, per\u00f2 no menys espectacular. La caixa Carib Mix vol. 2 et sorprendr\u00e0 de nou amb quatre receptes plenes de sabor portades [&hellip;]\" \/>\n<meta property=\"og:url\" content=\"https:\/\/lasjellys.com\/ca\/producto\/caribe-mix-vol-2\/\" \/>\n<meta property=\"og:site_name\" content=\"Las Jellys\" \/>\n<meta property=\"article:modified_time\" content=\"2025-07-08T08:47:33+00:00\" \/>\n<meta property=\"og:image\" content=\"https:\/\/lasjellys.com\/wp-content\/uploads\/2025\/05\/CARIBE2.jpg\" \/>\n\t<meta property=\"og:image:width\" content=\"937\" \/>\n\t<meta property=\"og:image:height\" content=\"807\" \/>\n\t<meta property=\"og:image:type\" content=\"image\/jpeg\" \/>\n<meta name=\"twitter:card\" content=\"summary_large_image\" \/>\n<meta name=\"twitter:label1\" content=\"Temps estimat de lectura\" \/>\n\t<meta name=\"twitter:data1\" content=\"2 minuts\" \/>\n<script type=\"application\/ld+json\" class=\"yoast-schema-graph\">{\"@context\":\"https:\/\/schema.org\",\"@graph\":[{\"@type\":\"WebPage\",\"@id\":\"https:\/\/lasjellys.com\/ca\/producto\/caribe-mix-vol-2\/\",\"url\":\"https:\/\/lasjellys.com\/ca\/producto\/caribe-mix-vol-2\/\",\"name\":\"Caribe Mix vol. 2 (12 u.) - Las Jellys\",\"isPartOf\":{\"@id\":\"https:\/\/lasjellys.com\/ca\/#website\"},\"primaryImageOfPage\":{\"@id\":\"https:\/\/lasjellys.com\/ca\/producto\/caribe-mix-vol-2\/#primaryimage\"},\"image\":{\"@id\":\"https:\/\/lasjellys.com\/ca\/producto\/caribe-mix-vol-2\/#primaryimage\"},\"thumbnailUrl\":\"https:\/\/lasjellys.com\/wp-content\/uploads\/2025\/05\/CARIBE2.jpg\",\"datePublished\":\"2025-05-06T13:28:26+00:00\",\"dateModified\":\"2025-07-08T08:47:33+00:00\",\"breadcrumb\":{\"@id\":\"https:\/\/lasjellys.com\/ca\/producto\/caribe-mix-vol-2\/#breadcrumb\"},\"inLanguage\":\"ca\",\"potentialAction\":[{\"@type\":\"ReadAction\",\"target\":[\"https:\/\/lasjellys.com\/ca\/producto\/caribe-mix-vol-2\/\"]}]},{\"@type\":\"ImageObject\",\"inLanguage\":\"ca\",\"@id\":\"https:\/\/lasjellys.com\/ca\/producto\/caribe-mix-vol-2\/#primaryimage\",\"url\":\"https:\/\/lasjellys.com\/wp-content\/uploads\/2025\/05\/CARIBE2.jpg\",\"contentUrl\":\"https:\/\/lasjellys.com\/wp-content\/uploads\/2025\/05\/CARIBE2.jpg\",\"width\":937,\"height\":807,\"caption\":\"Cocteles para verano\"},{\"@type\":\"BreadcrumbList\",\"@id\":\"https:\/\/lasjellys.com\/ca\/producto\/caribe-mix-vol-2\/#breadcrumb\",\"itemListElement\":[{\"@type\":\"ListItem\",\"position\":1,\"name\":\"Portada\",\"item\":\"https:\/\/lasjellys.com\/ca\/\"},{\"@type\":\"ListItem\",\"position\":2,\"name\":\"Productes\",\"item\":\"https:\/\/lasjellys.com\/ca\/shop\/\"},{\"@type\":\"ListItem\",\"position\":3,\"name\":\"Caribe Mix vol. 2 (12 u.)\"}]},{\"@type\":\"WebSite\",\"@id\":\"https:\/\/lasjellys.com\/ca\/#website\",\"url\":\"https:\/\/lasjellys.com\/ca\/\",\"name\":\"Las Jellys\",\"description\":\"El primer cocktail premium en gelatina\",\"publisher\":{\"@id\":\"https:\/\/lasjellys.com\/ca\/#organization\"},\"potentialAction\":[{\"@type\":\"SearchAction\",\"target\":{\"@type\":\"EntryPoint\",\"urlTemplate\":\"https:\/\/lasjellys.com\/ca\/?s={search_term_string}\"},\"query-input\":{\"@type\":\"PropertyValueSpecification\",\"valueRequired\":true,\"valueName\":\"search_term_string\"}}],\"inLanguage\":\"ca\"},{\"@type\":\"Organization\",\"@id\":\"https:\/\/lasjellys.com\/ca\/#organization\",\"name\":\"Las Jellys\",\"url\":\"https:\/\/lasjellys.com\/ca\/\",\"logo\":{\"@type\":\"ImageObject\",\"inLanguage\":\"ca\",\"@id\":\"https:\/\/lasjellys.com\/ca\/#\/schema\/logo\/image\/\",\"url\":\"https:\/\/lasjellys.com\/wp-content\/uploads\/2025\/04\/logo_jellys.png\",\"contentUrl\":\"https:\/\/lasjellys.com\/wp-content\/uploads\/2025\/04\/logo_jellys.png\",\"width\":143,\"height\":61,\"caption\":\"Las Jellys\"},\"image\":{\"@id\":\"https:\/\/lasjellys.com\/ca\/#\/schema\/logo\/image\/\"}}]}<\/script>\n<!-- \/ Yoast SEO plugin. -->","yoast_head_json":{"title":"Caribe Mix vol. 2 (12 u.) - Las Jellys","robots":{"index":"index","follow":"follow","max-snippet":"max-snippet:-1","max-image-preview":"max-image-preview:large","max-video-preview":"max-video-preview:-1"},"canonical":"https:\/\/lasjellys.com\/ca\/producto\/caribe-mix-vol-2\/","og_locale":"ca_ES","og_type":"article","og_title":"Caribe Mix vol. 2 (12 u.) - Las Jellys","og_description":"Diuen que les segones parts mai no s\u00f3n bones, per\u00f2 nosaltres som aqu\u00ed per demostrar-te que! no \u00e9s cert! Despr\u00e9s de l&#8217;\u00e8xit de la nostra caixa original m\u00e9s caribenya, presentem la seva germana petita, per\u00f2 no menys espectacular. La caixa Carib Mix vol. 2 et sorprendr\u00e0 de nou amb quatre receptes plenes de sabor portades [&hellip;]","og_url":"https:\/\/lasjellys.com\/ca\/producto\/caribe-mix-vol-2\/","og_site_name":"Las Jellys","article_modified_time":"2025-07-08T08:47:33+00:00","og_image":[{"width":937,"height":807,"url":"https:\/\/lasjellys.com\/wp-content\/uploads\/2025\/05\/CARIBE2.jpg","type":"image\/jpeg"}],"twitter_card":"summary_large_image","twitter_misc":{"Temps estimat de lectura":"2 minuts"},"schema":{"@context":"https:\/\/schema.org","@graph":[{"@type":"WebPage","@id":"https:\/\/lasjellys.com\/ca\/producto\/caribe-mix-vol-2\/","url":"https:\/\/lasjellys.com\/ca\/producto\/caribe-mix-vol-2\/","name":"Caribe Mix vol. 2 (12 u.) - Las Jellys","isPartOf":{"@id":"https:\/\/lasjellys.com\/ca\/#website"},"primaryImageOfPage":{"@id":"https:\/\/lasjellys.com\/ca\/producto\/caribe-mix-vol-2\/#primaryimage"},"image":{"@id":"https:\/\/lasjellys.com\/ca\/producto\/caribe-mix-vol-2\/#primaryimage"},"thumbnailUrl":"https:\/\/lasjellys.com\/wp-content\/uploads\/2025\/05\/CARIBE2.jpg","datePublished":"2025-05-06T13:28:26+00:00","dateModified":"2025-07-08T08:47:33+00:00","breadcrumb":{"@id":"https:\/\/lasjellys.com\/ca\/producto\/caribe-mix-vol-2\/#breadcrumb"},"inLanguage":"ca","potentialAction":[{"@type":"ReadAction","target":["https:\/\/lasjellys.com\/ca\/producto\/caribe-mix-vol-2\/"]}]},{"@type":"ImageObject","inLanguage":"ca","@id":"https:\/\/lasjellys.com\/ca\/producto\/caribe-mix-vol-2\/#primaryimage","url":"https:\/\/lasjellys.com\/wp-content\/uploads\/2025\/05\/CARIBE2.jpg","contentUrl":"https:\/\/lasjellys.com\/wp-content\/uploads\/2025\/05\/CARIBE2.jpg","width":937,"height":807,"caption":"Cocteles para verano"},{"@type":"BreadcrumbList","@id":"https:\/\/lasjellys.com\/ca\/producto\/caribe-mix-vol-2\/#breadcrumb","itemListElement":[{"@type":"ListItem","position":1,"name":"Portada","item":"https:\/\/lasjellys.com\/ca\/"},{"@type":"ListItem","position":2,"name":"Productes","item":"https:\/\/lasjellys.com\/ca\/shop\/"},{"@type":"ListItem","position":3,"name":"Caribe Mix vol. 2 (12 u.)"}]},{"@type":"WebSite","@id":"https:\/\/lasjellys.com\/ca\/#website","url":"https:\/\/lasjellys.com\/ca\/","name":"Las Jellys","description":"El primer cocktail premium en gelatina","publisher":{"@id":"https:\/\/lasjellys.com\/ca\/#organization"},"potentialAction":[{"@type":"SearchAction","target":{"@type":"EntryPoint","urlTemplate":"https:\/\/lasjellys.com\/ca\/?s={search_term_string}"},"query-input":{"@type":"PropertyValueSpecification","valueRequired":true,"valueName":"search_term_string"}}],"inLanguage":"ca"},{"@type":"Organization","@id":"https:\/\/lasjellys.com\/ca\/#organization","name":"Las Jellys","url":"https:\/\/lasjellys.com\/ca\/","logo":{"@type":"ImageObject","inLanguage":"ca","@id":"https:\/\/lasjellys.com\/ca\/#\/schema\/logo\/image\/","url":"https:\/\/lasjellys.com\/wp-content\/uploads\/2025\/04\/logo_jellys.png","contentUrl":"https:\/\/lasjellys.com\/wp-content\/uploads\/2025\/04\/logo_jellys.png","width":143,"height":61,"caption":"Las Jellys"},"image":{"@id":"https:\/\/lasjellys.com\/ca\/#\/schema\/logo\/image\/"}}]}},"_links":{"self":[{"href":"https:\/\/lasjellys.com\/ca\/wp-json\/wp\/v2\/product\/3882","targetHints":{"allow":["GET"]}}],"collection":[{"href":"https:\/\/lasjellys.com\/ca\/wp-json\/wp\/v2\/product"}],"about":[{"href":"https:\/\/lasjellys.com\/ca\/wp-json\/wp\/v2\/types\/product"}],"wp:featuredmedia":[{"embeddable":true,"href":"https:\/\/lasjellys.com\/ca\/wp-json\/wp\/v2\/media\/3883"}],"wp:attachment":[{"href":"https:\/\/lasjellys.com\/ca\/wp-json\/wp\/v2\/media?parent=3882"}],"wp:term":[{"taxonomy":"product_brand","embeddable":true,"href":"https:\/\/lasjellys.com\/ca\/wp-json\/wp\/v2\/product_brand?post=3882"},{"taxonomy":"product_cat","embeddable":true,"href":"https:\/\/lasjellys.com\/ca\/wp-json\/wp\/v2\/product_cat?post=3882"},{"taxonomy":"product_tag","embeddable":true,"href":"https:\/\/lasjellys.com\/ca\/wp-json\/wp\/v2\/product_tag?post=3882"}],"curies":[{"name":"wp","href":"https:\/\/api.w.org\/{rel}","templated":true}]}}