{"id":3885,"date":"2025-05-06T15:28:27","date_gmt":"2025-05-06T13:28:27","guid":{"rendered":"https:\/\/lasjellys.com\/producto\/cata-individual\/"},"modified":"2025-07-08T10:46:15","modified_gmt":"2025-07-08T08:46:15","slug":"cata-individual","status":"publish","type":"product","link":"https:\/\/lasjellys.com\/ca\/producto\/cata-individual\/","title":{"rendered":"Cata individual (6 u.)"},"content":{"rendered":"<p>Hi ha registres del terme cocktail que daten de 1798, va ser el 13 de maig de 1806, a <em>The Balance and Columbian Repository<\/em>, un diari de l&#8217;estat de Nova York, on va apar\u00e8ixer la primera definici\u00f3 escrita de la paraula. Va ser en resposta a la consulta d&#8217;un lector que sobre un article preguntava \u201cQu\u00e8 \u00e9s un c\u00f2ctel?\u201d, i l&#8217;editor va respondre: \u201cUn c\u00f2ctel, \u00e9s una beguda alcoh\u00f2lica estimulant composta d&#8217;alguna varietat de destil\u00b7lat, sucre, aigua i bitters.\u201d<\/p>\n<ul>\n<li><strong>Margarida:<\/strong> amb tequila, cointreau, llimona, un toc de taronja i sal.<\/li>\n<li><strong>Sex on the beach:<\/strong> Licor de pr\u00e9ssec, vodka, suc de taronja i suc de nabius. Barreja imbatible. Ser\u00e0 el pitjor nom de la hist\u00f2ria?, nosaltres ho dubtem.<\/li>\n<li><strong>Cosmopolitan: <\/strong>originari del 1934 i que va tornar a posar-se de moda gr\u00e0cies a la s\u00e8rie &#8216;Sexe a Nova York&#8217; i la seva inigualable recepta de vodka, Cointreau, suc de taronja i suc de nabius.<\/li>\n<li><strong>Manhattan: <\/strong>un glop curt a base de Whiskey, vermut vermell, angostura, cirera i un toc de taronja.<\/li>\n<li><strong>Pisco Sour:<\/strong> La seva recepta es considera patrimoni cultural del Per\u00fa. \u00c9s un c\u00f2ctel refrescant, \u00e0cid i intens a causa de la base de Pisco.<\/li>\n<li><strong>Daiquiri de maduixa:<\/strong> Sens dubte un dels noms propis de la cocteleria, amb una base de rom blanc, polpa de maduixa i un toc c\u00edtric.<\/li>\n<\/ul>\n<p>I ara que ja coneixes la teoria, \u00e9s hora de passar a la pr\u00e0ctica&#8230;<\/p>\n<p><span class=\"s1\">Pack recomanat per a 1 o 2 persones. <\/span><\/p>\n","protected":false},"excerpt":{"rendered":"<p>Hi ha registres del terme cocktail que daten de 1798, va ser el 13 de maig de 1806, a The Balance and Columbian Repository, un diari de l&#8217;estat de Nova York, on va apar\u00e8ixer la primera definici\u00f3 escrita de la paraula. Va ser en resposta a la consulta d&#8217;un lector que sobre un article preguntava [&hellip;]<\/p>\n","protected":false},"featured_media":3886,"template":"","meta":{"_acf_changed":false},"product_brand":[],"product_cat":[124,129],"product_tag":[137,138,141,142,145,148],"class_list":{"0":"post-3885","1":"product","2":"type-product","3":"status-publish","4":"has-post-thumbnail","6":"product_cat-degustacio","7":"product_cat-per-regalar","8":"product_tag-cosmopolitan-ca","9":"product_tag-daiquiri-de-maduixa","10":"product_tag-manhattan-ca","11":"product_tag-margarita-ca","12":"product_tag-pisco-sour-ca","13":"product_tag-sex-on-the-beach-ca","15":"first","16":"instock","17":"taxable","18":"shipping-taxable","19":"purchasable","20":"product-type-simple"},"acf":[],"yoast_head":"<!-- This site is optimized with the Yoast SEO plugin v25.4 - https:\/\/yoast.com\/wordpress\/plugins\/seo\/ -->\n<title>Cata individual (6 u.) - Las Jellys<\/title>\n<meta name=\"robots\" content=\"index, follow, max-snippet:-1, max-image-preview:large, max-video-preview:-1\" \/>\n<link rel=\"canonical\" href=\"https:\/\/lasjellys.com\/ca\/producto\/cata-individual\/\" \/>\n<meta property=\"og:locale\" content=\"ca_ES\" \/>\n<meta property=\"og:type\" content=\"article\" \/>\n<meta property=\"og:title\" content=\"Cata individual (6 u.) - Las Jellys\" \/>\n<meta property=\"og:description\" content=\"Hi ha registres del terme cocktail que daten de 1798, va ser el 13 de maig de 1806, a The Balance and Columbian Repository, un diari de l&#8217;estat de Nova York, on va apar\u00e8ixer la primera definici\u00f3 escrita de la paraula. Va ser en resposta a la consulta d&#8217;un lector que sobre un article preguntava [&hellip;]\" \/>\n<meta property=\"og:url\" content=\"https:\/\/lasjellys.com\/ca\/producto\/cata-individual\/\" \/>\n<meta property=\"og:site_name\" content=\"Las Jellys\" \/>\n<meta property=\"article:modified_time\" content=\"2025-07-08T08:46:15+00:00\" \/>\n<meta property=\"og:image\" content=\"https:\/\/lasjellys.com\/wp-content\/uploads\/2025\/05\/CATA_mini.jpg\" \/>\n\t<meta property=\"og:image:width\" content=\"926\" \/>\n\t<meta property=\"og:image:height\" content=\"798\" \/>\n\t<meta property=\"og:image:type\" content=\"image\/jpeg\" \/>\n<meta name=\"twitter:card\" content=\"summary_large_image\" \/>\n<meta name=\"twitter:label1\" content=\"Temps estimat de lectura\" \/>\n\t<meta name=\"twitter:data1\" content=\"2 minuts\" \/>\n<script type=\"application\/ld+json\" class=\"yoast-schema-graph\">{\"@context\":\"https:\/\/schema.org\",\"@graph\":[{\"@type\":\"WebPage\",\"@id\":\"https:\/\/lasjellys.com\/ca\/producto\/cata-individual\/\",\"url\":\"https:\/\/lasjellys.com\/ca\/producto\/cata-individual\/\",\"name\":\"Cata individual (6 u.) - Las Jellys\",\"isPartOf\":{\"@id\":\"https:\/\/lasjellys.com\/ca\/#website\"},\"primaryImageOfPage\":{\"@id\":\"https:\/\/lasjellys.com\/ca\/producto\/cata-individual\/#primaryimage\"},\"image\":{\"@id\":\"https:\/\/lasjellys.com\/ca\/producto\/cata-individual\/#primaryimage\"},\"thumbnailUrl\":\"https:\/\/lasjellys.com\/wp-content\/uploads\/2025\/05\/CATA_mini.jpg\",\"datePublished\":\"2025-05-06T13:28:27+00:00\",\"dateModified\":\"2025-07-08T08:46:15+00:00\",\"breadcrumb\":{\"@id\":\"https:\/\/lasjellys.com\/ca\/producto\/cata-individual\/#breadcrumb\"},\"inLanguage\":\"ca\",\"potentialAction\":[{\"@type\":\"ReadAction\",\"target\":[\"https:\/\/lasjellys.com\/ca\/producto\/cata-individual\/\"]}]},{\"@type\":\"ImageObject\",\"inLanguage\":\"ca\",\"@id\":\"https:\/\/lasjellys.com\/ca\/producto\/cata-individual\/#primaryimage\",\"url\":\"https:\/\/lasjellys.com\/wp-content\/uploads\/2025\/05\/CATA_mini.jpg\",\"contentUrl\":\"https:\/\/lasjellys.com\/wp-content\/uploads\/2025\/05\/CATA_mini.jpg\",\"width\":926,\"height\":798,\"caption\":\"cata de cocteles\"},{\"@type\":\"BreadcrumbList\",\"@id\":\"https:\/\/lasjellys.com\/ca\/producto\/cata-individual\/#breadcrumb\",\"itemListElement\":[{\"@type\":\"ListItem\",\"position\":1,\"name\":\"Portada\",\"item\":\"https:\/\/lasjellys.com\/ca\/\"},{\"@type\":\"ListItem\",\"position\":2,\"name\":\"Productes\",\"item\":\"https:\/\/lasjellys.com\/ca\/shop\/\"},{\"@type\":\"ListItem\",\"position\":3,\"name\":\"Cata individual (6 u.)\"}]},{\"@type\":\"WebSite\",\"@id\":\"https:\/\/lasjellys.com\/ca\/#website\",\"url\":\"https:\/\/lasjellys.com\/ca\/\",\"name\":\"Las Jellys\",\"description\":\"El primer cocktail premium en gelatina\",\"publisher\":{\"@id\":\"https:\/\/lasjellys.com\/ca\/#organization\"},\"potentialAction\":[{\"@type\":\"SearchAction\",\"target\":{\"@type\":\"EntryPoint\",\"urlTemplate\":\"https:\/\/lasjellys.com\/ca\/?s={search_term_string}\"},\"query-input\":{\"@type\":\"PropertyValueSpecification\",\"valueRequired\":true,\"valueName\":\"search_term_string\"}}],\"inLanguage\":\"ca\"},{\"@type\":\"Organization\",\"@id\":\"https:\/\/lasjellys.com\/ca\/#organization\",\"name\":\"Las Jellys\",\"url\":\"https:\/\/lasjellys.com\/ca\/\",\"logo\":{\"@type\":\"ImageObject\",\"inLanguage\":\"ca\",\"@id\":\"https:\/\/lasjellys.com\/ca\/#\/schema\/logo\/image\/\",\"url\":\"https:\/\/lasjellys.com\/wp-content\/uploads\/2025\/04\/logo_jellys.png\",\"contentUrl\":\"https:\/\/lasjellys.com\/wp-content\/uploads\/2025\/04\/logo_jellys.png\",\"width\":143,\"height\":61,\"caption\":\"Las Jellys\"},\"image\":{\"@id\":\"https:\/\/lasjellys.com\/ca\/#\/schema\/logo\/image\/\"}}]}<\/script>\n<!-- \/ Yoast SEO plugin. -->","yoast_head_json":{"title":"Cata individual (6 u.) - Las Jellys","robots":{"index":"index","follow":"follow","max-snippet":"max-snippet:-1","max-image-preview":"max-image-preview:large","max-video-preview":"max-video-preview:-1"},"canonical":"https:\/\/lasjellys.com\/ca\/producto\/cata-individual\/","og_locale":"ca_ES","og_type":"article","og_title":"Cata individual (6 u.) - Las Jellys","og_description":"Hi ha registres del terme cocktail que daten de 1798, va ser el 13 de maig de 1806, a The Balance and Columbian Repository, un diari de l&#8217;estat de Nova York, on va apar\u00e8ixer la primera definici\u00f3 escrita de la paraula. Va ser en resposta a la consulta d&#8217;un lector que sobre un article preguntava [&hellip;]","og_url":"https:\/\/lasjellys.com\/ca\/producto\/cata-individual\/","og_site_name":"Las Jellys","article_modified_time":"2025-07-08T08:46:15+00:00","og_image":[{"width":926,"height":798,"url":"https:\/\/lasjellys.com\/wp-content\/uploads\/2025\/05\/CATA_mini.jpg","type":"image\/jpeg"}],"twitter_card":"summary_large_image","twitter_misc":{"Temps estimat de lectura":"2 minuts"},"schema":{"@context":"https:\/\/schema.org","@graph":[{"@type":"WebPage","@id":"https:\/\/lasjellys.com\/ca\/producto\/cata-individual\/","url":"https:\/\/lasjellys.com\/ca\/producto\/cata-individual\/","name":"Cata individual (6 u.) - Las Jellys","isPartOf":{"@id":"https:\/\/lasjellys.com\/ca\/#website"},"primaryImageOfPage":{"@id":"https:\/\/lasjellys.com\/ca\/producto\/cata-individual\/#primaryimage"},"image":{"@id":"https:\/\/lasjellys.com\/ca\/producto\/cata-individual\/#primaryimage"},"thumbnailUrl":"https:\/\/lasjellys.com\/wp-content\/uploads\/2025\/05\/CATA_mini.jpg","datePublished":"2025-05-06T13:28:27+00:00","dateModified":"2025-07-08T08:46:15+00:00","breadcrumb":{"@id":"https:\/\/lasjellys.com\/ca\/producto\/cata-individual\/#breadcrumb"},"inLanguage":"ca","potentialAction":[{"@type":"ReadAction","target":["https:\/\/lasjellys.com\/ca\/producto\/cata-individual\/"]}]},{"@type":"ImageObject","inLanguage":"ca","@id":"https:\/\/lasjellys.com\/ca\/producto\/cata-individual\/#primaryimage","url":"https:\/\/lasjellys.com\/wp-content\/uploads\/2025\/05\/CATA_mini.jpg","contentUrl":"https:\/\/lasjellys.com\/wp-content\/uploads\/2025\/05\/CATA_mini.jpg","width":926,"height":798,"caption":"cata de cocteles"},{"@type":"BreadcrumbList","@id":"https:\/\/lasjellys.com\/ca\/producto\/cata-individual\/#breadcrumb","itemListElement":[{"@type":"ListItem","position":1,"name":"Portada","item":"https:\/\/lasjellys.com\/ca\/"},{"@type":"ListItem","position":2,"name":"Productes","item":"https:\/\/lasjellys.com\/ca\/shop\/"},{"@type":"ListItem","position":3,"name":"Cata individual (6 u.)"}]},{"@type":"WebSite","@id":"https:\/\/lasjellys.com\/ca\/#website","url":"https:\/\/lasjellys.com\/ca\/","name":"Las Jellys","description":"El primer cocktail premium en gelatina","publisher":{"@id":"https:\/\/lasjellys.com\/ca\/#organization"},"potentialAction":[{"@type":"SearchAction","target":{"@type":"EntryPoint","urlTemplate":"https:\/\/lasjellys.com\/ca\/?s={search_term_string}"},"query-input":{"@type":"PropertyValueSpecification","valueRequired":true,"valueName":"search_term_string"}}],"inLanguage":"ca"},{"@type":"Organization","@id":"https:\/\/lasjellys.com\/ca\/#organization","name":"Las Jellys","url":"https:\/\/lasjellys.com\/ca\/","logo":{"@type":"ImageObject","inLanguage":"ca","@id":"https:\/\/lasjellys.com\/ca\/#\/schema\/logo\/image\/","url":"https:\/\/lasjellys.com\/wp-content\/uploads\/2025\/04\/logo_jellys.png","contentUrl":"https:\/\/lasjellys.com\/wp-content\/uploads\/2025\/04\/logo_jellys.png","width":143,"height":61,"caption":"Las Jellys"},"image":{"@id":"https:\/\/lasjellys.com\/ca\/#\/schema\/logo\/image\/"}}]}},"_links":{"self":[{"href":"https:\/\/lasjellys.com\/ca\/wp-json\/wp\/v2\/product\/3885","targetHints":{"allow":["GET"]}}],"collection":[{"href":"https:\/\/lasjellys.com\/ca\/wp-json\/wp\/v2\/product"}],"about":[{"href":"https:\/\/lasjellys.com\/ca\/wp-json\/wp\/v2\/types\/product"}],"wp:featuredmedia":[{"embeddable":true,"href":"https:\/\/lasjellys.com\/ca\/wp-json\/wp\/v2\/media\/3886"}],"wp:attachment":[{"href":"https:\/\/lasjellys.com\/ca\/wp-json\/wp\/v2\/media?parent=3885"}],"wp:term":[{"taxonomy":"product_brand","embeddable":true,"href":"https:\/\/lasjellys.com\/ca\/wp-json\/wp\/v2\/product_brand?post=3885"},{"taxonomy":"product_cat","embeddable":true,"href":"https:\/\/lasjellys.com\/ca\/wp-json\/wp\/v2\/product_cat?post=3885"},{"taxonomy":"product_tag","embeddable":true,"href":"https:\/\/lasjellys.com\/ca\/wp-json\/wp\/v2\/product_tag?post=3885"}],"curies":[{"name":"wp","href":"https:\/\/api.w.org\/{rel}","templated":true}]}}