{"id":3895,"date":"2025-05-06T15:28:51","date_gmt":"2025-05-06T13:28:51","guid":{"rendered":"https:\/\/lasjellys.com\/producto\/top-twins\/"},"modified":"2025-07-08T10:43:26","modified_gmt":"2025-07-08T08:43:26","slug":"top-twins","status":"publish","type":"product","link":"https:\/\/lasjellys.com\/ca\/producto\/top-twins\/","title":{"rendered":"Top Twins (12 u.)"},"content":{"rendered":"<p>El que \u00e9s bo, si \u00e9s doble&#8230; Dues vegades bo!<\/p>\n<ul>\n<li><span class=\"s1\"><strong>Margarida:<\/strong> amb tequila, cointreau, llimona, un toc de taronja i sal.<\/span><\/li>\n<li><strong>Daiquiri de maduixa:<\/strong> Sens dubte un dels noms propis de la cocteleria, amb una base de rom blanc, polpa de maduixa i un toc c\u00edtric.<\/li>\n<li><strong>Pisco Sour: <\/strong>La seva recepta es considera patrimoni cultural del Per\u00fa. \u00c9s un c\u00f2ctel refrescant, \u00e0cid i intens a causa de la base de Pisco.<\/li>\n<li><strong>Cosmopolitan: <\/strong>originari del 1934 i que va tornar a posar-se de moda gr\u00e0cies a la s\u00e8rie &#8216;Sexe a Nova York&#8217; i la seva inigualable recepta de vodka, Cointreau, suc de taronja i suc de nabius.<\/li>\n<li><strong>Manhattan: <\/strong>un glop curt a base de whisky, vermut vermell, angostura, cirera i un toc de taronja.<\/li>\n<li><strong>French 75:<\/strong> Un c\u00f2ctel elegant a base de cava brut i ginebra, de sabor refrescant i \u00e0cid gr\u00e0cies al suc de llimona.<\/li>\n<\/ul>\n<p><span class=\"s1\">Pack recomanat per a 2 persones. <\/span><\/p>\n","protected":false},"excerpt":{"rendered":"<p>El que \u00e9s bo, si \u00e9s doble&#8230; Dues vegades bo! Margarida: amb tequila, cointreau, llimona, un toc de taronja i sal. Daiquiri de maduixa: Sens dubte un dels noms propis de la cocteleria, amb una base de rom blanc, polpa de maduixa i un toc c\u00edtric. Pisco Sour: La seva recepta es considera patrimoni cultural [&hellip;]<\/p>\n","protected":false},"featured_media":3896,"template":"","meta":{"_acf_changed":false},"product_brand":[],"product_cat":[130,131],"product_tag":[137,138,139,141,142,145],"class_list":{"0":"post-3895","1":"product","2":"type-product","3":"status-publish","4":"has-post-thumbnail","6":"product_cat-per-a-una-cita","7":"product_cat-per-a-una-festa","8":"product_tag-cosmopolitan-ca","9":"product_tag-daiquiri-de-maduixa","10":"product_tag-french-75-ca","11":"product_tag-manhattan-ca","12":"product_tag-margarita-ca","13":"product_tag-pisco-sour-ca","15":"first","16":"instock","17":"taxable","18":"shipping-taxable","19":"purchasable","20":"product-type-simple"},"acf":[],"yoast_head":"<!-- This site is optimized with the Yoast SEO plugin v25.4 - https:\/\/yoast.com\/wordpress\/plugins\/seo\/ -->\n<title>Top Twins (12 u.) - Las Jellys<\/title>\n<meta name=\"robots\" content=\"index, follow, max-snippet:-1, max-image-preview:large, max-video-preview:-1\" \/>\n<link rel=\"canonical\" href=\"https:\/\/lasjellys.com\/ca\/producto\/top-twins\/\" \/>\n<meta property=\"og:locale\" content=\"ca_ES\" \/>\n<meta property=\"og:type\" content=\"article\" \/>\n<meta property=\"og:title\" content=\"Top Twins (12 u.) - Las Jellys\" \/>\n<meta property=\"og:description\" content=\"El que \u00e9s bo, si \u00e9s doble&#8230; Dues vegades bo! Margarida: amb tequila, cointreau, llimona, un toc de taronja i sal. Daiquiri de maduixa: Sens dubte un dels noms propis de la cocteleria, amb una base de rom blanc, polpa de maduixa i un toc c\u00edtric. Pisco Sour: La seva recepta es considera patrimoni cultural [&hellip;]\" \/>\n<meta property=\"og:url\" content=\"https:\/\/lasjellys.com\/ca\/producto\/top-twins\/\" \/>\n<meta property=\"og:site_name\" content=\"Las Jellys\" \/>\n<meta property=\"article:modified_time\" content=\"2025-07-08T08:43:26+00:00\" \/>\n<meta property=\"og:image\" content=\"https:\/\/lasjellys.com\/wp-content\/uploads\/2025\/05\/MG_1105-copy.jpg\" \/>\n\t<meta property=\"og:image:width\" content=\"970\" \/>\n\t<meta property=\"og:image:height\" content=\"836\" \/>\n\t<meta property=\"og:image:type\" content=\"image\/jpeg\" \/>\n<meta name=\"twitter:card\" content=\"summary_large_image\" \/>\n<meta name=\"twitter:label1\" content=\"Temps estimat de lectura\" \/>\n\t<meta name=\"twitter:data1\" content=\"1 minut\" \/>\n<script type=\"application\/ld+json\" class=\"yoast-schema-graph\">{\"@context\":\"https:\/\/schema.org\",\"@graph\":[{\"@type\":\"WebPage\",\"@id\":\"https:\/\/lasjellys.com\/ca\/producto\/top-twins\/\",\"url\":\"https:\/\/lasjellys.com\/ca\/producto\/top-twins\/\",\"name\":\"Top Twins (12 u.) - Las Jellys\",\"isPartOf\":{\"@id\":\"https:\/\/lasjellys.com\/ca\/#website\"},\"primaryImageOfPage\":{\"@id\":\"https:\/\/lasjellys.com\/ca\/producto\/top-twins\/#primaryimage\"},\"image\":{\"@id\":\"https:\/\/lasjellys.com\/ca\/producto\/top-twins\/#primaryimage\"},\"thumbnailUrl\":\"https:\/\/lasjellys.com\/wp-content\/uploads\/2025\/05\/MG_1105-copy.jpg\",\"datePublished\":\"2025-05-06T13:28:51+00:00\",\"dateModified\":\"2025-07-08T08:43:26+00:00\",\"breadcrumb\":{\"@id\":\"https:\/\/lasjellys.com\/ca\/producto\/top-twins\/#breadcrumb\"},\"inLanguage\":\"ca\",\"potentialAction\":[{\"@type\":\"ReadAction\",\"target\":[\"https:\/\/lasjellys.com\/ca\/producto\/top-twins\/\"]}]},{\"@type\":\"ImageObject\",\"inLanguage\":\"ca\",\"@id\":\"https:\/\/lasjellys.com\/ca\/producto\/top-twins\/#primaryimage\",\"url\":\"https:\/\/lasjellys.com\/wp-content\/uploads\/2025\/05\/MG_1105-copy.jpg\",\"contentUrl\":\"https:\/\/lasjellys.com\/wp-content\/uploads\/2025\/05\/MG_1105-copy.jpg\",\"width\":970,\"height\":836,\"caption\":\"Especial parejas\"},{\"@type\":\"BreadcrumbList\",\"@id\":\"https:\/\/lasjellys.com\/ca\/producto\/top-twins\/#breadcrumb\",\"itemListElement\":[{\"@type\":\"ListItem\",\"position\":1,\"name\":\"Portada\",\"item\":\"https:\/\/lasjellys.com\/ca\/\"},{\"@type\":\"ListItem\",\"position\":2,\"name\":\"Productes\",\"item\":\"https:\/\/lasjellys.com\/ca\/shop\/\"},{\"@type\":\"ListItem\",\"position\":3,\"name\":\"Top Twins (12 u.)\"}]},{\"@type\":\"WebSite\",\"@id\":\"https:\/\/lasjellys.com\/ca\/#website\",\"url\":\"https:\/\/lasjellys.com\/ca\/\",\"name\":\"Las Jellys\",\"description\":\"El primer cocktail premium en gelatina\",\"publisher\":{\"@id\":\"https:\/\/lasjellys.com\/ca\/#organization\"},\"potentialAction\":[{\"@type\":\"SearchAction\",\"target\":{\"@type\":\"EntryPoint\",\"urlTemplate\":\"https:\/\/lasjellys.com\/ca\/?s={search_term_string}\"},\"query-input\":{\"@type\":\"PropertyValueSpecification\",\"valueRequired\":true,\"valueName\":\"search_term_string\"}}],\"inLanguage\":\"ca\"},{\"@type\":\"Organization\",\"@id\":\"https:\/\/lasjellys.com\/ca\/#organization\",\"name\":\"Las Jellys\",\"url\":\"https:\/\/lasjellys.com\/ca\/\",\"logo\":{\"@type\":\"ImageObject\",\"inLanguage\":\"ca\",\"@id\":\"https:\/\/lasjellys.com\/ca\/#\/schema\/logo\/image\/\",\"url\":\"https:\/\/lasjellys.com\/wp-content\/uploads\/2025\/04\/logo_jellys.png\",\"contentUrl\":\"https:\/\/lasjellys.com\/wp-content\/uploads\/2025\/04\/logo_jellys.png\",\"width\":143,\"height\":61,\"caption\":\"Las Jellys\"},\"image\":{\"@id\":\"https:\/\/lasjellys.com\/ca\/#\/schema\/logo\/image\/\"}}]}<\/script>\n<!-- \/ Yoast SEO plugin. -->","yoast_head_json":{"title":"Top Twins (12 u.) - Las Jellys","robots":{"index":"index","follow":"follow","max-snippet":"max-snippet:-1","max-image-preview":"max-image-preview:large","max-video-preview":"max-video-preview:-1"},"canonical":"https:\/\/lasjellys.com\/ca\/producto\/top-twins\/","og_locale":"ca_ES","og_type":"article","og_title":"Top Twins (12 u.) - Las Jellys","og_description":"El que \u00e9s bo, si \u00e9s doble&#8230; Dues vegades bo! Margarida: amb tequila, cointreau, llimona, un toc de taronja i sal. Daiquiri de maduixa: Sens dubte un dels noms propis de la cocteleria, amb una base de rom blanc, polpa de maduixa i un toc c\u00edtric. Pisco Sour: La seva recepta es considera patrimoni cultural [&hellip;]","og_url":"https:\/\/lasjellys.com\/ca\/producto\/top-twins\/","og_site_name":"Las Jellys","article_modified_time":"2025-07-08T08:43:26+00:00","og_image":[{"width":970,"height":836,"url":"https:\/\/lasjellys.com\/wp-content\/uploads\/2025\/05\/MG_1105-copy.jpg","type":"image\/jpeg"}],"twitter_card":"summary_large_image","twitter_misc":{"Temps estimat de lectura":"1 minut"},"schema":{"@context":"https:\/\/schema.org","@graph":[{"@type":"WebPage","@id":"https:\/\/lasjellys.com\/ca\/producto\/top-twins\/","url":"https:\/\/lasjellys.com\/ca\/producto\/top-twins\/","name":"Top Twins (12 u.) - Las Jellys","isPartOf":{"@id":"https:\/\/lasjellys.com\/ca\/#website"},"primaryImageOfPage":{"@id":"https:\/\/lasjellys.com\/ca\/producto\/top-twins\/#primaryimage"},"image":{"@id":"https:\/\/lasjellys.com\/ca\/producto\/top-twins\/#primaryimage"},"thumbnailUrl":"https:\/\/lasjellys.com\/wp-content\/uploads\/2025\/05\/MG_1105-copy.jpg","datePublished":"2025-05-06T13:28:51+00:00","dateModified":"2025-07-08T08:43:26+00:00","breadcrumb":{"@id":"https:\/\/lasjellys.com\/ca\/producto\/top-twins\/#breadcrumb"},"inLanguage":"ca","potentialAction":[{"@type":"ReadAction","target":["https:\/\/lasjellys.com\/ca\/producto\/top-twins\/"]}]},{"@type":"ImageObject","inLanguage":"ca","@id":"https:\/\/lasjellys.com\/ca\/producto\/top-twins\/#primaryimage","url":"https:\/\/lasjellys.com\/wp-content\/uploads\/2025\/05\/MG_1105-copy.jpg","contentUrl":"https:\/\/lasjellys.com\/wp-content\/uploads\/2025\/05\/MG_1105-copy.jpg","width":970,"height":836,"caption":"Especial parejas"},{"@type":"BreadcrumbList","@id":"https:\/\/lasjellys.com\/ca\/producto\/top-twins\/#breadcrumb","itemListElement":[{"@type":"ListItem","position":1,"name":"Portada","item":"https:\/\/lasjellys.com\/ca\/"},{"@type":"ListItem","position":2,"name":"Productes","item":"https:\/\/lasjellys.com\/ca\/shop\/"},{"@type":"ListItem","position":3,"name":"Top Twins (12 u.)"}]},{"@type":"WebSite","@id":"https:\/\/lasjellys.com\/ca\/#website","url":"https:\/\/lasjellys.com\/ca\/","name":"Las Jellys","description":"El primer cocktail premium en gelatina","publisher":{"@id":"https:\/\/lasjellys.com\/ca\/#organization"},"potentialAction":[{"@type":"SearchAction","target":{"@type":"EntryPoint","urlTemplate":"https:\/\/lasjellys.com\/ca\/?s={search_term_string}"},"query-input":{"@type":"PropertyValueSpecification","valueRequired":true,"valueName":"search_term_string"}}],"inLanguage":"ca"},{"@type":"Organization","@id":"https:\/\/lasjellys.com\/ca\/#organization","name":"Las Jellys","url":"https:\/\/lasjellys.com\/ca\/","logo":{"@type":"ImageObject","inLanguage":"ca","@id":"https:\/\/lasjellys.com\/ca\/#\/schema\/logo\/image\/","url":"https:\/\/lasjellys.com\/wp-content\/uploads\/2025\/04\/logo_jellys.png","contentUrl":"https:\/\/lasjellys.com\/wp-content\/uploads\/2025\/04\/logo_jellys.png","width":143,"height":61,"caption":"Las Jellys"},"image":{"@id":"https:\/\/lasjellys.com\/ca\/#\/schema\/logo\/image\/"}}]}},"_links":{"self":[{"href":"https:\/\/lasjellys.com\/ca\/wp-json\/wp\/v2\/product\/3895","targetHints":{"allow":["GET"]}}],"collection":[{"href":"https:\/\/lasjellys.com\/ca\/wp-json\/wp\/v2\/product"}],"about":[{"href":"https:\/\/lasjellys.com\/ca\/wp-json\/wp\/v2\/types\/product"}],"wp:featuredmedia":[{"embeddable":true,"href":"https:\/\/lasjellys.com\/ca\/wp-json\/wp\/v2\/media\/3896"}],"wp:attachment":[{"href":"https:\/\/lasjellys.com\/ca\/wp-json\/wp\/v2\/media?parent=3895"}],"wp:term":[{"taxonomy":"product_brand","embeddable":true,"href":"https:\/\/lasjellys.com\/ca\/wp-json\/wp\/v2\/product_brand?post=3895"},{"taxonomy":"product_cat","embeddable":true,"href":"https:\/\/lasjellys.com\/ca\/wp-json\/wp\/v2\/product_cat?post=3895"},{"taxonomy":"product_tag","embeddable":true,"href":"https:\/\/lasjellys.com\/ca\/wp-json\/wp\/v2\/product_tag?post=3895"}],"curies":[{"name":"wp","href":"https:\/\/api.w.org\/{rel}","templated":true}]}}