{"id":3905,"date":"2025-05-06T15:28:52","date_gmt":"2025-05-06T13:28:52","guid":{"rendered":"https:\/\/lasjellys.com\/producto\/love-box\/"},"modified":"2025-07-08T10:40:49","modified_gmt":"2025-07-08T08:40:49","slug":"love-box","status":"publish","type":"product","link":"https:\/\/lasjellys.com\/ca\/producto\/love-box\/","title":{"rendered":"Love Box (6 u.)"},"content":{"rendered":"<p>A qu\u00e8 sempre ve de gust compartir? Doncs aquesta caixa Love Box \u00e9s un pretext m\u00e9s per ajuntar-te amb aquesta persona a qui tu m\u00e9s vols. Ooooh.. l&#8217;amor! l&#8217;amistat! la fam\u00edlia!<\/p>\n<ul>\n<li><strong>Sex on the beach: <\/strong>Licor de pr\u00e9ssec, vodka, suc de taronja i suc de nabius. ser\u00e0 el pitjor nom de la hist\u00f2ria?<\/li>\n<li><strong>French 75:<\/strong> Un c\u00f2ctel elegant a base de cava brut i ginebra, de sabor refrescant i \u00e0cid gr\u00e0cies al suc de llimona.<\/li>\n<li><strong>Daiquiri de Maduixa:<\/strong> Sens dubte un dels noms propis de la cocteleria, amb una base de rom blanc, polpa de maduixa i un toc c\u00edtric.<\/li>\n<\/ul>\n<p><span class=\"s1\">Pack recomanat per a 2 persones. <\/span><\/p>\n","protected":false},"excerpt":{"rendered":"<p>A qu\u00e8 sempre ve de gust compartir? Doncs aquesta caixa Love Box \u00e9s un pretext m\u00e9s per ajuntar-te amb aquesta persona a qui tu m\u00e9s vols. Ooooh.. l&#8217;amor! l&#8217;amistat! la fam\u00edlia! Sex on the beach: Licor de pr\u00e9ssec, vodka, suc de taronja i suc de nabius. ser\u00e0 el pitjor nom de la hist\u00f2ria? French 75: [&hellip;]<\/p>\n","protected":false},"featured_media":3906,"template":"","meta":{"_acf_changed":false},"product_brand":[],"product_cat":[130],"product_tag":[138,139,148],"class_list":{"0":"post-3905","1":"product","2":"type-product","3":"status-publish","4":"has-post-thumbnail","6":"product_cat-per-a-una-cita","7":"product_tag-daiquiri-de-maduixa","8":"product_tag-french-75-ca","9":"product_tag-sex-on-the-beach-ca","11":"first","12":"outofstock","13":"taxable","14":"shipping-taxable","15":"purchasable","16":"product-type-simple"},"acf":[],"yoast_head":"<!-- This site is optimized with the Yoast SEO plugin v25.4 - https:\/\/yoast.com\/wordpress\/plugins\/seo\/ -->\n<title>Love Box (6 u.) - Las Jellys<\/title>\n<meta name=\"robots\" content=\"index, follow, max-snippet:-1, max-image-preview:large, max-video-preview:-1\" \/>\n<link rel=\"canonical\" href=\"https:\/\/lasjellys.com\/ca\/producto\/love-box\/\" \/>\n<meta property=\"og:locale\" content=\"ca_ES\" \/>\n<meta property=\"og:type\" content=\"article\" \/>\n<meta property=\"og:title\" content=\"Love Box (6 u.) - Las Jellys\" \/>\n<meta property=\"og:description\" content=\"A qu\u00e8 sempre ve de gust compartir? Doncs aquesta caixa Love Box \u00e9s un pretext m\u00e9s per ajuntar-te amb aquesta persona a qui tu m\u00e9s vols. Ooooh.. l&#8217;amor! l&#8217;amistat! la fam\u00edlia! Sex on the beach: Licor de pr\u00e9ssec, vodka, suc de taronja i suc de nabius. ser\u00e0 el pitjor nom de la hist\u00f2ria? French 75: [&hellip;]\" \/>\n<meta property=\"og:url\" content=\"https:\/\/lasjellys.com\/ca\/producto\/love-box\/\" \/>\n<meta property=\"og:site_name\" content=\"Las Jellys\" \/>\n<meta property=\"article:modified_time\" content=\"2025-07-08T08:40:49+00:00\" \/>\n<meta property=\"og:image\" content=\"https:\/\/lasjellys.com\/wp-content\/uploads\/2025\/05\/LOVEBOX.jpg\" \/>\n\t<meta property=\"og:image:width\" content=\"1044\" \/>\n\t<meta property=\"og:image:height\" content=\"899\" \/>\n\t<meta property=\"og:image:type\" content=\"image\/jpeg\" \/>\n<meta name=\"twitter:card\" content=\"summary_large_image\" \/>\n<meta name=\"twitter:label1\" content=\"Temps estimat de lectura\" \/>\n\t<meta name=\"twitter:data1\" content=\"1 minut\" \/>\n<script type=\"application\/ld+json\" class=\"yoast-schema-graph\">{\"@context\":\"https:\/\/schema.org\",\"@graph\":[{\"@type\":\"WebPage\",\"@id\":\"https:\/\/lasjellys.com\/ca\/producto\/love-box\/\",\"url\":\"https:\/\/lasjellys.com\/ca\/producto\/love-box\/\",\"name\":\"Love Box (6 u.) - Las Jellys\",\"isPartOf\":{\"@id\":\"https:\/\/lasjellys.com\/ca\/#website\"},\"primaryImageOfPage\":{\"@id\":\"https:\/\/lasjellys.com\/ca\/producto\/love-box\/#primaryimage\"},\"image\":{\"@id\":\"https:\/\/lasjellys.com\/ca\/producto\/love-box\/#primaryimage\"},\"thumbnailUrl\":\"https:\/\/lasjellys.com\/wp-content\/uploads\/2025\/05\/LOVEBOX.jpg\",\"datePublished\":\"2025-05-06T13:28:52+00:00\",\"dateModified\":\"2025-07-08T08:40:49+00:00\",\"breadcrumb\":{\"@id\":\"https:\/\/lasjellys.com\/ca\/producto\/love-box\/#breadcrumb\"},\"inLanguage\":\"ca\",\"potentialAction\":[{\"@type\":\"ReadAction\",\"target\":[\"https:\/\/lasjellys.com\/ca\/producto\/love-box\/\"]}]},{\"@type\":\"ImageObject\",\"inLanguage\":\"ca\",\"@id\":\"https:\/\/lasjellys.com\/ca\/producto\/love-box\/#primaryimage\",\"url\":\"https:\/\/lasjellys.com\/wp-content\/uploads\/2025\/05\/LOVEBOX.jpg\",\"contentUrl\":\"https:\/\/lasjellys.com\/wp-content\/uploads\/2025\/05\/LOVEBOX.jpg\",\"width\":1044,\"height\":899,\"caption\":\"cocteles para parejas\"},{\"@type\":\"BreadcrumbList\",\"@id\":\"https:\/\/lasjellys.com\/ca\/producto\/love-box\/#breadcrumb\",\"itemListElement\":[{\"@type\":\"ListItem\",\"position\":1,\"name\":\"Portada\",\"item\":\"https:\/\/lasjellys.com\/ca\/\"},{\"@type\":\"ListItem\",\"position\":2,\"name\":\"Productes\",\"item\":\"https:\/\/lasjellys.com\/ca\/shop\/\"},{\"@type\":\"ListItem\",\"position\":3,\"name\":\"Love Box (6 u.)\"}]},{\"@type\":\"WebSite\",\"@id\":\"https:\/\/lasjellys.com\/ca\/#website\",\"url\":\"https:\/\/lasjellys.com\/ca\/\",\"name\":\"Las Jellys\",\"description\":\"El primer cocktail premium en gelatina\",\"publisher\":{\"@id\":\"https:\/\/lasjellys.com\/ca\/#organization\"},\"potentialAction\":[{\"@type\":\"SearchAction\",\"target\":{\"@type\":\"EntryPoint\",\"urlTemplate\":\"https:\/\/lasjellys.com\/ca\/?s={search_term_string}\"},\"query-input\":{\"@type\":\"PropertyValueSpecification\",\"valueRequired\":true,\"valueName\":\"search_term_string\"}}],\"inLanguage\":\"ca\"},{\"@type\":\"Organization\",\"@id\":\"https:\/\/lasjellys.com\/ca\/#organization\",\"name\":\"Las Jellys\",\"url\":\"https:\/\/lasjellys.com\/ca\/\",\"logo\":{\"@type\":\"ImageObject\",\"inLanguage\":\"ca\",\"@id\":\"https:\/\/lasjellys.com\/ca\/#\/schema\/logo\/image\/\",\"url\":\"https:\/\/lasjellys.com\/wp-content\/uploads\/2025\/04\/logo_jellys.png\",\"contentUrl\":\"https:\/\/lasjellys.com\/wp-content\/uploads\/2025\/04\/logo_jellys.png\",\"width\":143,\"height\":61,\"caption\":\"Las Jellys\"},\"image\":{\"@id\":\"https:\/\/lasjellys.com\/ca\/#\/schema\/logo\/image\/\"}}]}<\/script>\n<!-- \/ Yoast SEO plugin. -->","yoast_head_json":{"title":"Love Box (6 u.) - Las Jellys","robots":{"index":"index","follow":"follow","max-snippet":"max-snippet:-1","max-image-preview":"max-image-preview:large","max-video-preview":"max-video-preview:-1"},"canonical":"https:\/\/lasjellys.com\/ca\/producto\/love-box\/","og_locale":"ca_ES","og_type":"article","og_title":"Love Box (6 u.) - Las Jellys","og_description":"A qu\u00e8 sempre ve de gust compartir? Doncs aquesta caixa Love Box \u00e9s un pretext m\u00e9s per ajuntar-te amb aquesta persona a qui tu m\u00e9s vols. Ooooh.. l&#8217;amor! l&#8217;amistat! la fam\u00edlia! Sex on the beach: Licor de pr\u00e9ssec, vodka, suc de taronja i suc de nabius. ser\u00e0 el pitjor nom de la hist\u00f2ria? French 75: [&hellip;]","og_url":"https:\/\/lasjellys.com\/ca\/producto\/love-box\/","og_site_name":"Las Jellys","article_modified_time":"2025-07-08T08:40:49+00:00","og_image":[{"width":1044,"height":899,"url":"https:\/\/lasjellys.com\/wp-content\/uploads\/2025\/05\/LOVEBOX.jpg","type":"image\/jpeg"}],"twitter_card":"summary_large_image","twitter_misc":{"Temps estimat de lectura":"1 minut"},"schema":{"@context":"https:\/\/schema.org","@graph":[{"@type":"WebPage","@id":"https:\/\/lasjellys.com\/ca\/producto\/love-box\/","url":"https:\/\/lasjellys.com\/ca\/producto\/love-box\/","name":"Love Box (6 u.) - Las Jellys","isPartOf":{"@id":"https:\/\/lasjellys.com\/ca\/#website"},"primaryImageOfPage":{"@id":"https:\/\/lasjellys.com\/ca\/producto\/love-box\/#primaryimage"},"image":{"@id":"https:\/\/lasjellys.com\/ca\/producto\/love-box\/#primaryimage"},"thumbnailUrl":"https:\/\/lasjellys.com\/wp-content\/uploads\/2025\/05\/LOVEBOX.jpg","datePublished":"2025-05-06T13:28:52+00:00","dateModified":"2025-07-08T08:40:49+00:00","breadcrumb":{"@id":"https:\/\/lasjellys.com\/ca\/producto\/love-box\/#breadcrumb"},"inLanguage":"ca","potentialAction":[{"@type":"ReadAction","target":["https:\/\/lasjellys.com\/ca\/producto\/love-box\/"]}]},{"@type":"ImageObject","inLanguage":"ca","@id":"https:\/\/lasjellys.com\/ca\/producto\/love-box\/#primaryimage","url":"https:\/\/lasjellys.com\/wp-content\/uploads\/2025\/05\/LOVEBOX.jpg","contentUrl":"https:\/\/lasjellys.com\/wp-content\/uploads\/2025\/05\/LOVEBOX.jpg","width":1044,"height":899,"caption":"cocteles para parejas"},{"@type":"BreadcrumbList","@id":"https:\/\/lasjellys.com\/ca\/producto\/love-box\/#breadcrumb","itemListElement":[{"@type":"ListItem","position":1,"name":"Portada","item":"https:\/\/lasjellys.com\/ca\/"},{"@type":"ListItem","position":2,"name":"Productes","item":"https:\/\/lasjellys.com\/ca\/shop\/"},{"@type":"ListItem","position":3,"name":"Love Box (6 u.)"}]},{"@type":"WebSite","@id":"https:\/\/lasjellys.com\/ca\/#website","url":"https:\/\/lasjellys.com\/ca\/","name":"Las Jellys","description":"El primer cocktail premium en gelatina","publisher":{"@id":"https:\/\/lasjellys.com\/ca\/#organization"},"potentialAction":[{"@type":"SearchAction","target":{"@type":"EntryPoint","urlTemplate":"https:\/\/lasjellys.com\/ca\/?s={search_term_string}"},"query-input":{"@type":"PropertyValueSpecification","valueRequired":true,"valueName":"search_term_string"}}],"inLanguage":"ca"},{"@type":"Organization","@id":"https:\/\/lasjellys.com\/ca\/#organization","name":"Las Jellys","url":"https:\/\/lasjellys.com\/ca\/","logo":{"@type":"ImageObject","inLanguage":"ca","@id":"https:\/\/lasjellys.com\/ca\/#\/schema\/logo\/image\/","url":"https:\/\/lasjellys.com\/wp-content\/uploads\/2025\/04\/logo_jellys.png","contentUrl":"https:\/\/lasjellys.com\/wp-content\/uploads\/2025\/04\/logo_jellys.png","width":143,"height":61,"caption":"Las Jellys"},"image":{"@id":"https:\/\/lasjellys.com\/ca\/#\/schema\/logo\/image\/"}}]}},"_links":{"self":[{"href":"https:\/\/lasjellys.com\/ca\/wp-json\/wp\/v2\/product\/3905","targetHints":{"allow":["GET"]}}],"collection":[{"href":"https:\/\/lasjellys.com\/ca\/wp-json\/wp\/v2\/product"}],"about":[{"href":"https:\/\/lasjellys.com\/ca\/wp-json\/wp\/v2\/types\/product"}],"wp:featuredmedia":[{"embeddable":true,"href":"https:\/\/lasjellys.com\/ca\/wp-json\/wp\/v2\/media\/3906"}],"wp:attachment":[{"href":"https:\/\/lasjellys.com\/ca\/wp-json\/wp\/v2\/media?parent=3905"}],"wp:term":[{"taxonomy":"product_brand","embeddable":true,"href":"https:\/\/lasjellys.com\/ca\/wp-json\/wp\/v2\/product_brand?post=3905"},{"taxonomy":"product_cat","embeddable":true,"href":"https:\/\/lasjellys.com\/ca\/wp-json\/wp\/v2\/product_cat?post=3905"},{"taxonomy":"product_tag","embeddable":true,"href":"https:\/\/lasjellys.com\/ca\/wp-json\/wp\/v2\/product_tag?post=3905"}],"curies":[{"name":"wp","href":"https:\/\/api.w.org\/{rel}","templated":true}]}}