{"id":3912,"date":"2025-05-06T15:28:54","date_gmt":"2025-05-06T13:28:54","guid":{"rendered":"https:\/\/lasjellys.com\/producto\/top-classics\/"},"modified":"2025-07-08T10:37:37","modified_gmt":"2025-07-08T08:37:37","slug":"top-classics","status":"publish","type":"product","link":"https:\/\/lasjellys.com\/ca\/producto\/top-classics\/","title":{"rendered":"Top Classics (12 u.)"},"content":{"rendered":"<p>Un pot de Brummel, els diamants, el tweed&#8230; hi ha cl\u00e0ssics que mai no moren.<\/p>\n<ul>\n<li><strong>Mojito:<\/strong> aquest cocktail originari de Cuba, t&#8217;enamorar\u00e0 per la seva frescor, les notes \u00e0cides de la llima, el millor rom, sucre de canya i aquest toc de menta inconfusible.<\/li>\n<li><strong>Margarida:<\/strong> amb tequila, cointreau, llimona, un toc de taronja i sal.<\/li>\n<li><strong>Cosmopolitan: <\/strong>originari del 1934 i que va tornar a posar-se de moda gr\u00e0cies a la s\u00e8rie &#8216;Sexe a Nova York&#8217; i la seva inigualable recepta de vodka, Cointreau, suc de taronja i suc de nabius.<\/li>\n<li><strong>Manhattan: <\/strong>un glop curt a base de Whiskey, vermut vermell, angostura, cirera i un toc de taronja.<\/li>\n<\/ul>\n<p><span class=\"s1\">Pack recomanat per a 3 o m\u00e9s persones.<\/span><\/p>\n<p>&nbsp;<\/p>\n","protected":false},"excerpt":{"rendered":"<p>Un pot de Brummel, els diamants, el tweed&#8230; hi ha cl\u00e0ssics que mai no moren. Mojito: aquest cocktail originari de Cuba, t&#8217;enamorar\u00e0 per la seva frescor, les notes \u00e0cides de la llima, el millor rom, sucre de canya i aquest toc de menta inconfusible. Margarida: amb tequila, cointreau, llimona, un toc de taronja i sal. [&hellip;]<\/p>\n","protected":false},"featured_media":3913,"template":"","meta":{"_acf_changed":false},"product_brand":[],"product_cat":[131],"product_tag":[137,141,142,143],"class_list":{"0":"post-3912","1":"product","2":"type-product","3":"status-publish","4":"has-post-thumbnail","6":"product_cat-per-a-una-festa","7":"product_tag-cosmopolitan-ca","8":"product_tag-manhattan-ca","9":"product_tag-margarita-ca","10":"product_tag-mojito-ca","12":"first","13":"instock","14":"taxable","15":"shipping-taxable","16":"purchasable","17":"product-type-simple"},"acf":[],"yoast_head":"<!-- This site is optimized with the Yoast SEO plugin v25.4 - https:\/\/yoast.com\/wordpress\/plugins\/seo\/ -->\n<title>Top Classics (12 u.) - Las Jellys<\/title>\n<meta name=\"robots\" content=\"index, follow, max-snippet:-1, max-image-preview:large, max-video-preview:-1\" \/>\n<link rel=\"canonical\" href=\"https:\/\/lasjellys.com\/ca\/producto\/top-classics\/\" \/>\n<meta property=\"og:locale\" content=\"ca_ES\" \/>\n<meta property=\"og:type\" content=\"article\" \/>\n<meta property=\"og:title\" content=\"Top Classics (12 u.) - Las Jellys\" \/>\n<meta property=\"og:description\" content=\"Un pot de Brummel, els diamants, el tweed&#8230; hi ha cl\u00e0ssics que mai no moren. Mojito: aquest cocktail originari de Cuba, t&#8217;enamorar\u00e0 per la seva frescor, les notes \u00e0cides de la llima, el millor rom, sucre de canya i aquest toc de menta inconfusible. Margarida: amb tequila, cointreau, llimona, un toc de taronja i sal. [&hellip;]\" \/>\n<meta property=\"og:url\" content=\"https:\/\/lasjellys.com\/ca\/producto\/top-classics\/\" \/>\n<meta property=\"og:site_name\" content=\"Las Jellys\" \/>\n<meta property=\"article:modified_time\" content=\"2025-07-08T08:37:37+00:00\" \/>\n<meta property=\"og:image\" content=\"https:\/\/lasjellys.com\/wp-content\/uploads\/2025\/05\/TOPCLASIC.webp\" \/>\n\t<meta property=\"og:image:width\" content=\"891\" \/>\n\t<meta property=\"og:image:height\" content=\"767\" \/>\n\t<meta property=\"og:image:type\" content=\"image\/webp\" \/>\n<meta name=\"twitter:card\" content=\"summary_large_image\" \/>\n<meta name=\"twitter:label1\" content=\"Temps estimat de lectura\" \/>\n\t<meta name=\"twitter:data1\" content=\"1 minut\" \/>\n<script type=\"application\/ld+json\" class=\"yoast-schema-graph\">{\"@context\":\"https:\/\/schema.org\",\"@graph\":[{\"@type\":\"WebPage\",\"@id\":\"https:\/\/lasjellys.com\/ca\/producto\/top-classics\/\",\"url\":\"https:\/\/lasjellys.com\/ca\/producto\/top-classics\/\",\"name\":\"Top Classics (12 u.) - Las Jellys\",\"isPartOf\":{\"@id\":\"https:\/\/lasjellys.com\/ca\/#website\"},\"primaryImageOfPage\":{\"@id\":\"https:\/\/lasjellys.com\/ca\/producto\/top-classics\/#primaryimage\"},\"image\":{\"@id\":\"https:\/\/lasjellys.com\/ca\/producto\/top-classics\/#primaryimage\"},\"thumbnailUrl\":\"https:\/\/lasjellys.com\/wp-content\/uploads\/2025\/05\/TOPCLASIC.webp\",\"datePublished\":\"2025-05-06T13:28:54+00:00\",\"dateModified\":\"2025-07-08T08:37:37+00:00\",\"breadcrumb\":{\"@id\":\"https:\/\/lasjellys.com\/ca\/producto\/top-classics\/#breadcrumb\"},\"inLanguage\":\"ca\",\"potentialAction\":[{\"@type\":\"ReadAction\",\"target\":[\"https:\/\/lasjellys.com\/ca\/producto\/top-classics\/\"]}]},{\"@type\":\"ImageObject\",\"inLanguage\":\"ca\",\"@id\":\"https:\/\/lasjellys.com\/ca\/producto\/top-classics\/#primaryimage\",\"url\":\"https:\/\/lasjellys.com\/wp-content\/uploads\/2025\/05\/TOPCLASIC.webp\",\"contentUrl\":\"https:\/\/lasjellys.com\/wp-content\/uploads\/2025\/05\/TOPCLASIC.webp\",\"width\":891,\"height\":767,\"caption\":\"degustacion cocteles\"},{\"@type\":\"BreadcrumbList\",\"@id\":\"https:\/\/lasjellys.com\/ca\/producto\/top-classics\/#breadcrumb\",\"itemListElement\":[{\"@type\":\"ListItem\",\"position\":1,\"name\":\"Portada\",\"item\":\"https:\/\/lasjellys.com\/ca\/\"},{\"@type\":\"ListItem\",\"position\":2,\"name\":\"Productes\",\"item\":\"https:\/\/lasjellys.com\/ca\/shop\/\"},{\"@type\":\"ListItem\",\"position\":3,\"name\":\"Top Classics (12 u.)\"}]},{\"@type\":\"WebSite\",\"@id\":\"https:\/\/lasjellys.com\/ca\/#website\",\"url\":\"https:\/\/lasjellys.com\/ca\/\",\"name\":\"Las Jellys\",\"description\":\"El primer cocktail premium en gelatina\",\"publisher\":{\"@id\":\"https:\/\/lasjellys.com\/ca\/#organization\"},\"potentialAction\":[{\"@type\":\"SearchAction\",\"target\":{\"@type\":\"EntryPoint\",\"urlTemplate\":\"https:\/\/lasjellys.com\/ca\/?s={search_term_string}\"},\"query-input\":{\"@type\":\"PropertyValueSpecification\",\"valueRequired\":true,\"valueName\":\"search_term_string\"}}],\"inLanguage\":\"ca\"},{\"@type\":\"Organization\",\"@id\":\"https:\/\/lasjellys.com\/ca\/#organization\",\"name\":\"Las Jellys\",\"url\":\"https:\/\/lasjellys.com\/ca\/\",\"logo\":{\"@type\":\"ImageObject\",\"inLanguage\":\"ca\",\"@id\":\"https:\/\/lasjellys.com\/ca\/#\/schema\/logo\/image\/\",\"url\":\"https:\/\/lasjellys.com\/wp-content\/uploads\/2025\/04\/logo_jellys.png\",\"contentUrl\":\"https:\/\/lasjellys.com\/wp-content\/uploads\/2025\/04\/logo_jellys.png\",\"width\":143,\"height\":61,\"caption\":\"Las Jellys\"},\"image\":{\"@id\":\"https:\/\/lasjellys.com\/ca\/#\/schema\/logo\/image\/\"}}]}<\/script>\n<!-- \/ Yoast SEO plugin. -->","yoast_head_json":{"title":"Top Classics (12 u.) - Las Jellys","robots":{"index":"index","follow":"follow","max-snippet":"max-snippet:-1","max-image-preview":"max-image-preview:large","max-video-preview":"max-video-preview:-1"},"canonical":"https:\/\/lasjellys.com\/ca\/producto\/top-classics\/","og_locale":"ca_ES","og_type":"article","og_title":"Top Classics (12 u.) - Las Jellys","og_description":"Un pot de Brummel, els diamants, el tweed&#8230; hi ha cl\u00e0ssics que mai no moren. Mojito: aquest cocktail originari de Cuba, t&#8217;enamorar\u00e0 per la seva frescor, les notes \u00e0cides de la llima, el millor rom, sucre de canya i aquest toc de menta inconfusible. Margarida: amb tequila, cointreau, llimona, un toc de taronja i sal. [&hellip;]","og_url":"https:\/\/lasjellys.com\/ca\/producto\/top-classics\/","og_site_name":"Las Jellys","article_modified_time":"2025-07-08T08:37:37+00:00","og_image":[{"width":891,"height":767,"url":"https:\/\/lasjellys.com\/wp-content\/uploads\/2025\/05\/TOPCLASIC.webp","type":"image\/webp"}],"twitter_card":"summary_large_image","twitter_misc":{"Temps estimat de lectura":"1 minut"},"schema":{"@context":"https:\/\/schema.org","@graph":[{"@type":"WebPage","@id":"https:\/\/lasjellys.com\/ca\/producto\/top-classics\/","url":"https:\/\/lasjellys.com\/ca\/producto\/top-classics\/","name":"Top Classics (12 u.) - Las Jellys","isPartOf":{"@id":"https:\/\/lasjellys.com\/ca\/#website"},"primaryImageOfPage":{"@id":"https:\/\/lasjellys.com\/ca\/producto\/top-classics\/#primaryimage"},"image":{"@id":"https:\/\/lasjellys.com\/ca\/producto\/top-classics\/#primaryimage"},"thumbnailUrl":"https:\/\/lasjellys.com\/wp-content\/uploads\/2025\/05\/TOPCLASIC.webp","datePublished":"2025-05-06T13:28:54+00:00","dateModified":"2025-07-08T08:37:37+00:00","breadcrumb":{"@id":"https:\/\/lasjellys.com\/ca\/producto\/top-classics\/#breadcrumb"},"inLanguage":"ca","potentialAction":[{"@type":"ReadAction","target":["https:\/\/lasjellys.com\/ca\/producto\/top-classics\/"]}]},{"@type":"ImageObject","inLanguage":"ca","@id":"https:\/\/lasjellys.com\/ca\/producto\/top-classics\/#primaryimage","url":"https:\/\/lasjellys.com\/wp-content\/uploads\/2025\/05\/TOPCLASIC.webp","contentUrl":"https:\/\/lasjellys.com\/wp-content\/uploads\/2025\/05\/TOPCLASIC.webp","width":891,"height":767,"caption":"degustacion cocteles"},{"@type":"BreadcrumbList","@id":"https:\/\/lasjellys.com\/ca\/producto\/top-classics\/#breadcrumb","itemListElement":[{"@type":"ListItem","position":1,"name":"Portada","item":"https:\/\/lasjellys.com\/ca\/"},{"@type":"ListItem","position":2,"name":"Productes","item":"https:\/\/lasjellys.com\/ca\/shop\/"},{"@type":"ListItem","position":3,"name":"Top Classics (12 u.)"}]},{"@type":"WebSite","@id":"https:\/\/lasjellys.com\/ca\/#website","url":"https:\/\/lasjellys.com\/ca\/","name":"Las Jellys","description":"El primer cocktail premium en gelatina","publisher":{"@id":"https:\/\/lasjellys.com\/ca\/#organization"},"potentialAction":[{"@type":"SearchAction","target":{"@type":"EntryPoint","urlTemplate":"https:\/\/lasjellys.com\/ca\/?s={search_term_string}"},"query-input":{"@type":"PropertyValueSpecification","valueRequired":true,"valueName":"search_term_string"}}],"inLanguage":"ca"},{"@type":"Organization","@id":"https:\/\/lasjellys.com\/ca\/#organization","name":"Las Jellys","url":"https:\/\/lasjellys.com\/ca\/","logo":{"@type":"ImageObject","inLanguage":"ca","@id":"https:\/\/lasjellys.com\/ca\/#\/schema\/logo\/image\/","url":"https:\/\/lasjellys.com\/wp-content\/uploads\/2025\/04\/logo_jellys.png","contentUrl":"https:\/\/lasjellys.com\/wp-content\/uploads\/2025\/04\/logo_jellys.png","width":143,"height":61,"caption":"Las Jellys"},"image":{"@id":"https:\/\/lasjellys.com\/ca\/#\/schema\/logo\/image\/"}}]}},"_links":{"self":[{"href":"https:\/\/lasjellys.com\/ca\/wp-json\/wp\/v2\/product\/3912","targetHints":{"allow":["GET"]}}],"collection":[{"href":"https:\/\/lasjellys.com\/ca\/wp-json\/wp\/v2\/product"}],"about":[{"href":"https:\/\/lasjellys.com\/ca\/wp-json\/wp\/v2\/types\/product"}],"wp:featuredmedia":[{"embeddable":true,"href":"https:\/\/lasjellys.com\/ca\/wp-json\/wp\/v2\/media\/3913"}],"wp:attachment":[{"href":"https:\/\/lasjellys.com\/ca\/wp-json\/wp\/v2\/media?parent=3912"}],"wp:term":[{"taxonomy":"product_brand","embeddable":true,"href":"https:\/\/lasjellys.com\/ca\/wp-json\/wp\/v2\/product_brand?post=3912"},{"taxonomy":"product_cat","embeddable":true,"href":"https:\/\/lasjellys.com\/ca\/wp-json\/wp\/v2\/product_cat?post=3912"},{"taxonomy":"product_tag","embeddable":true,"href":"https:\/\/lasjellys.com\/ca\/wp-json\/wp\/v2\/product_tag?post=3912"}],"curies":[{"name":"wp","href":"https:\/\/api.w.org\/{rel}","templated":true}]}}