{"id":3928,"date":"2025-05-06T15:29:15","date_gmt":"2025-05-06T13:29:15","guid":{"rendered":"https:\/\/lasjellys.com\/producto\/unexpected-box\/"},"modified":"2025-07-08T10:23:09","modified_gmt":"2025-07-08T08:23:09","slug":"unexpected-box","status":"publish","type":"product","link":"https:\/\/lasjellys.com\/ca\/producto\/unexpected-box\/","title":{"rendered":"Unexpected Box (12 u.)"},"content":{"rendered":"<p>Aquesta Box \u00e9s com la <strong>vida mateixa, UNEXPECTED<\/strong>.<\/p>\n<ul>\n<li>Contindr\u00e0 un mix dels nostres cocktails i mocktails Quins? Ning\u00fa ho sap, deixa&#8217;t sorprendre i atreveix-te a tastar sabors que mai vas pensar.<\/li>\n<\/ul>\n<p><span class=\"s1\">Pack recomanem per a 3 o m\u00e9s persones. <\/span><\/p>\n","protected":false},"excerpt":{"rendered":"<p>Aquesta Box \u00e9s com la vida mateixa, UNEXPECTED. Contindr\u00e0 un mix dels nostres cocktails i mocktails Quins? Ning\u00fa ho sap, deixa&#8217;t sorprendre i atreveix-te a tastar sabors que mai vas pensar. Pack recomanem per a 3 o m\u00e9s persones.<\/p>\n","protected":false},"featured_media":3929,"template":"","meta":{"_acf_changed":false},"product_brand":[],"product_cat":[124,131,129],"product_tag":[],"class_list":{"0":"post-3928","1":"product","2":"type-product","3":"status-publish","4":"has-post-thumbnail","6":"product_cat-degustacio","7":"product_cat-per-a-una-festa","8":"product_cat-per-regalar","10":"first","11":"instock","12":"taxable","13":"shipping-taxable","14":"purchasable","15":"product-type-simple"},"acf":[],"yoast_head":"<!-- This site is optimized with the Yoast SEO plugin v25.4 - https:\/\/yoast.com\/wordpress\/plugins\/seo\/ -->\n<title>Unexpected Box (12 u.) - Las Jellys<\/title>\n<meta name=\"robots\" content=\"index, follow, max-snippet:-1, max-image-preview:large, max-video-preview:-1\" \/>\n<link rel=\"canonical\" href=\"https:\/\/lasjellys.com\/ca\/producto\/unexpected-box\/\" \/>\n<meta property=\"og:locale\" content=\"ca_ES\" \/>\n<meta property=\"og:type\" content=\"article\" \/>\n<meta property=\"og:title\" content=\"Unexpected Box (12 u.) - Las Jellys\" \/>\n<meta property=\"og:description\" content=\"Aquesta Box \u00e9s com la vida mateixa, UNEXPECTED. Contindr\u00e0 un mix dels nostres cocktails i mocktails Quins? Ning\u00fa ho sap, deixa&#8217;t sorprendre i atreveix-te a tastar sabors que mai vas pensar. Pack recomanem per a 3 o m\u00e9s persones.\" \/>\n<meta property=\"og:url\" content=\"https:\/\/lasjellys.com\/ca\/producto\/unexpected-box\/\" \/>\n<meta property=\"og:site_name\" content=\"Las Jellys\" \/>\n<meta property=\"article:modified_time\" content=\"2025-07-08T08:23:09+00:00\" \/>\n<meta property=\"og:image\" content=\"https:\/\/lasjellys.com\/wp-content\/uploads\/2025\/05\/Unexpected-Box-Mix-Cocktails.jpg\" \/>\n\t<meta property=\"og:image:width\" content=\"1662\" \/>\n\t<meta property=\"og:image:height\" content=\"1431\" \/>\n\t<meta property=\"og:image:type\" content=\"image\/jpeg\" \/>\n<meta name=\"twitter:card\" content=\"summary_large_image\" \/>\n<meta name=\"twitter:label1\" content=\"Temps estimat de lectura\" \/>\n\t<meta name=\"twitter:data1\" content=\"1 minut\" \/>\n<script type=\"application\/ld+json\" class=\"yoast-schema-graph\">{\"@context\":\"https:\/\/schema.org\",\"@graph\":[{\"@type\":\"WebPage\",\"@id\":\"https:\/\/lasjellys.com\/ca\/producto\/unexpected-box\/\",\"url\":\"https:\/\/lasjellys.com\/ca\/producto\/unexpected-box\/\",\"name\":\"Unexpected Box (12 u.) - Las Jellys\",\"isPartOf\":{\"@id\":\"https:\/\/lasjellys.com\/ca\/#website\"},\"primaryImageOfPage\":{\"@id\":\"https:\/\/lasjellys.com\/ca\/producto\/unexpected-box\/#primaryimage\"},\"image\":{\"@id\":\"https:\/\/lasjellys.com\/ca\/producto\/unexpected-box\/#primaryimage\"},\"thumbnailUrl\":\"https:\/\/lasjellys.com\/wp-content\/uploads\/2025\/05\/Unexpected-Box-Mix-Cocktails.jpg\",\"datePublished\":\"2025-05-06T13:29:15+00:00\",\"dateModified\":\"2025-07-08T08:23:09+00:00\",\"breadcrumb\":{\"@id\":\"https:\/\/lasjellys.com\/ca\/producto\/unexpected-box\/#breadcrumb\"},\"inLanguage\":\"ca\",\"potentialAction\":[{\"@type\":\"ReadAction\",\"target\":[\"https:\/\/lasjellys.com\/ca\/producto\/unexpected-box\/\"]}]},{\"@type\":\"ImageObject\",\"inLanguage\":\"ca\",\"@id\":\"https:\/\/lasjellys.com\/ca\/producto\/unexpected-box\/#primaryimage\",\"url\":\"https:\/\/lasjellys.com\/wp-content\/uploads\/2025\/05\/Unexpected-Box-Mix-Cocktails.jpg\",\"contentUrl\":\"https:\/\/lasjellys.com\/wp-content\/uploads\/2025\/05\/Unexpected-Box-Mix-Cocktails.jpg\",\"width\":1662,\"height\":1431,\"caption\":\"mojito\"},{\"@type\":\"BreadcrumbList\",\"@id\":\"https:\/\/lasjellys.com\/ca\/producto\/unexpected-box\/#breadcrumb\",\"itemListElement\":[{\"@type\":\"ListItem\",\"position\":1,\"name\":\"Portada\",\"item\":\"https:\/\/lasjellys.com\/ca\/\"},{\"@type\":\"ListItem\",\"position\":2,\"name\":\"Productes\",\"item\":\"https:\/\/lasjellys.com\/ca\/shop\/\"},{\"@type\":\"ListItem\",\"position\":3,\"name\":\"Unexpected Box (12 u.)\"}]},{\"@type\":\"WebSite\",\"@id\":\"https:\/\/lasjellys.com\/ca\/#website\",\"url\":\"https:\/\/lasjellys.com\/ca\/\",\"name\":\"Las Jellys\",\"description\":\"El primer cocktail premium en gelatina\",\"publisher\":{\"@id\":\"https:\/\/lasjellys.com\/ca\/#organization\"},\"potentialAction\":[{\"@type\":\"SearchAction\",\"target\":{\"@type\":\"EntryPoint\",\"urlTemplate\":\"https:\/\/lasjellys.com\/ca\/?s={search_term_string}\"},\"query-input\":{\"@type\":\"PropertyValueSpecification\",\"valueRequired\":true,\"valueName\":\"search_term_string\"}}],\"inLanguage\":\"ca\"},{\"@type\":\"Organization\",\"@id\":\"https:\/\/lasjellys.com\/ca\/#organization\",\"name\":\"Las Jellys\",\"url\":\"https:\/\/lasjellys.com\/ca\/\",\"logo\":{\"@type\":\"ImageObject\",\"inLanguage\":\"ca\",\"@id\":\"https:\/\/lasjellys.com\/ca\/#\/schema\/logo\/image\/\",\"url\":\"https:\/\/lasjellys.com\/wp-content\/uploads\/2025\/04\/logo_jellys.png\",\"contentUrl\":\"https:\/\/lasjellys.com\/wp-content\/uploads\/2025\/04\/logo_jellys.png\",\"width\":143,\"height\":61,\"caption\":\"Las Jellys\"},\"image\":{\"@id\":\"https:\/\/lasjellys.com\/ca\/#\/schema\/logo\/image\/\"}}]}<\/script>\n<!-- \/ Yoast SEO plugin. -->","yoast_head_json":{"title":"Unexpected Box (12 u.) - Las Jellys","robots":{"index":"index","follow":"follow","max-snippet":"max-snippet:-1","max-image-preview":"max-image-preview:large","max-video-preview":"max-video-preview:-1"},"canonical":"https:\/\/lasjellys.com\/ca\/producto\/unexpected-box\/","og_locale":"ca_ES","og_type":"article","og_title":"Unexpected Box (12 u.) - Las Jellys","og_description":"Aquesta Box \u00e9s com la vida mateixa, UNEXPECTED. Contindr\u00e0 un mix dels nostres cocktails i mocktails Quins? Ning\u00fa ho sap, deixa&#8217;t sorprendre i atreveix-te a tastar sabors que mai vas pensar. Pack recomanem per a 3 o m\u00e9s persones.","og_url":"https:\/\/lasjellys.com\/ca\/producto\/unexpected-box\/","og_site_name":"Las Jellys","article_modified_time":"2025-07-08T08:23:09+00:00","og_image":[{"width":1662,"height":1431,"url":"https:\/\/lasjellys.com\/wp-content\/uploads\/2025\/05\/Unexpected-Box-Mix-Cocktails.jpg","type":"image\/jpeg"}],"twitter_card":"summary_large_image","twitter_misc":{"Temps estimat de lectura":"1 minut"},"schema":{"@context":"https:\/\/schema.org","@graph":[{"@type":"WebPage","@id":"https:\/\/lasjellys.com\/ca\/producto\/unexpected-box\/","url":"https:\/\/lasjellys.com\/ca\/producto\/unexpected-box\/","name":"Unexpected Box (12 u.) - Las Jellys","isPartOf":{"@id":"https:\/\/lasjellys.com\/ca\/#website"},"primaryImageOfPage":{"@id":"https:\/\/lasjellys.com\/ca\/producto\/unexpected-box\/#primaryimage"},"image":{"@id":"https:\/\/lasjellys.com\/ca\/producto\/unexpected-box\/#primaryimage"},"thumbnailUrl":"https:\/\/lasjellys.com\/wp-content\/uploads\/2025\/05\/Unexpected-Box-Mix-Cocktails.jpg","datePublished":"2025-05-06T13:29:15+00:00","dateModified":"2025-07-08T08:23:09+00:00","breadcrumb":{"@id":"https:\/\/lasjellys.com\/ca\/producto\/unexpected-box\/#breadcrumb"},"inLanguage":"ca","potentialAction":[{"@type":"ReadAction","target":["https:\/\/lasjellys.com\/ca\/producto\/unexpected-box\/"]}]},{"@type":"ImageObject","inLanguage":"ca","@id":"https:\/\/lasjellys.com\/ca\/producto\/unexpected-box\/#primaryimage","url":"https:\/\/lasjellys.com\/wp-content\/uploads\/2025\/05\/Unexpected-Box-Mix-Cocktails.jpg","contentUrl":"https:\/\/lasjellys.com\/wp-content\/uploads\/2025\/05\/Unexpected-Box-Mix-Cocktails.jpg","width":1662,"height":1431,"caption":"mojito"},{"@type":"BreadcrumbList","@id":"https:\/\/lasjellys.com\/ca\/producto\/unexpected-box\/#breadcrumb","itemListElement":[{"@type":"ListItem","position":1,"name":"Portada","item":"https:\/\/lasjellys.com\/ca\/"},{"@type":"ListItem","position":2,"name":"Productes","item":"https:\/\/lasjellys.com\/ca\/shop\/"},{"@type":"ListItem","position":3,"name":"Unexpected Box (12 u.)"}]},{"@type":"WebSite","@id":"https:\/\/lasjellys.com\/ca\/#website","url":"https:\/\/lasjellys.com\/ca\/","name":"Las Jellys","description":"El primer cocktail premium en gelatina","publisher":{"@id":"https:\/\/lasjellys.com\/ca\/#organization"},"potentialAction":[{"@type":"SearchAction","target":{"@type":"EntryPoint","urlTemplate":"https:\/\/lasjellys.com\/ca\/?s={search_term_string}"},"query-input":{"@type":"PropertyValueSpecification","valueRequired":true,"valueName":"search_term_string"}}],"inLanguage":"ca"},{"@type":"Organization","@id":"https:\/\/lasjellys.com\/ca\/#organization","name":"Las Jellys","url":"https:\/\/lasjellys.com\/ca\/","logo":{"@type":"ImageObject","inLanguage":"ca","@id":"https:\/\/lasjellys.com\/ca\/#\/schema\/logo\/image\/","url":"https:\/\/lasjellys.com\/wp-content\/uploads\/2025\/04\/logo_jellys.png","contentUrl":"https:\/\/lasjellys.com\/wp-content\/uploads\/2025\/04\/logo_jellys.png","width":143,"height":61,"caption":"Las Jellys"},"image":{"@id":"https:\/\/lasjellys.com\/ca\/#\/schema\/logo\/image\/"}}]}},"_links":{"self":[{"href":"https:\/\/lasjellys.com\/ca\/wp-json\/wp\/v2\/product\/3928","targetHints":{"allow":["GET"]}}],"collection":[{"href":"https:\/\/lasjellys.com\/ca\/wp-json\/wp\/v2\/product"}],"about":[{"href":"https:\/\/lasjellys.com\/ca\/wp-json\/wp\/v2\/types\/product"}],"wp:featuredmedia":[{"embeddable":true,"href":"https:\/\/lasjellys.com\/ca\/wp-json\/wp\/v2\/media\/3929"}],"wp:attachment":[{"href":"https:\/\/lasjellys.com\/ca\/wp-json\/wp\/v2\/media?parent=3928"}],"wp:term":[{"taxonomy":"product_brand","embeddable":true,"href":"https:\/\/lasjellys.com\/ca\/wp-json\/wp\/v2\/product_brand?post=3928"},{"taxonomy":"product_cat","embeddable":true,"href":"https:\/\/lasjellys.com\/ca\/wp-json\/wp\/v2\/product_cat?post=3928"},{"taxonomy":"product_tag","embeddable":true,"href":"https:\/\/lasjellys.com\/ca\/wp-json\/wp\/v2\/product_tag?post=3928"}],"curies":[{"name":"wp","href":"https:\/\/api.w.org\/{rel}","templated":true}]}}